{"id":11129,"date":"2024-12-09T16:33:37","date_gmt":"2024-12-09T15:33:37","guid":{"rendered":"https:\/\/www.isigny-ste-mere.com\/?page_id=11129"},"modified":"2024-12-13T14:13:38","modified_gmt":"2024-12-13T13:13:38","slug":"specialita","status":"publish","type":"page","link":"https:\/\/www.isigny-ste-mere.com\/en\/specialita\/","title":{"rendered":"Specialita"},"content":{"rendered":"\n<h3 class=\"wp-block-heading\" id=\"h-cooperativa-di-agricoltori-dal-1909\"><strong>Cooperativa di agricoltori dal 1909<\/strong><\/h3>\n\n\n\n<p class=\"is-style-introduction\">Fondata nel 1909 in Normandia, la Cooperativa Isigny Sainte-M\u00e8re \u00e8 rinomata in tutto il mondo per i suoi prodotti caseari eccezionali. Grazie alla ricchezza del suo latte (&#8220;l&#8217;oro bianco della Normandia&#8221;), Isigny Sainte-M\u00e8re produce burri, creme e formaggi dal sapore unico, consolidando la sua reputazione internazionale. Il latte, raccolto in un raggio massimo di 50 km dalla Cooperativa, viene consegnato entro 48 ore per preservarne tutte le qualit\u00e0. Situato nel cuore della Normandia, nella Baie des Veys, dove la terra incontra il mare, il terroir di Isigny \u00e8 eccezionalmente fertile, offrendo alle mucche pascoli straordinari per produrre un latte di altissima qualit\u00e0. Le persone che operano nella Cooperativa, produttori di latte e dipendenti, lavorano instancabilmente ogni giorno per trasformare e valorizzare il latte della loro regione in prodotti di eccellenza impareggiabile.<\/p>\n\n\n\n<h3 class=\"wp-block-heading\" id=\"h-i-segreti-di-produzione-del-camembert\"><strong>I SEGRETI DI PRODUZIONE DEL CAMEMBERT\u2026<\/strong><\/h3>\n\n\n\n<div class=\"wp-block-columns is-layout-flex wp-container-core-columns-is-layout-9d6595d7 wp-block-columns-is-layout-flex\">\n<div class=\"wp-block-column is-layout-flow wp-block-column-is-layout-flow\" style=\"flex-basis:33.33%\">\n<figure class=\"wp-block-image size-large\"><img loading=\"lazy\" decoding=\"async\" width=\"683\" height=\"1024\" src=\"https:\/\/www.isigny-ste-mere.com\/wp-content\/uploads\/2023\/06\/camembert-affine-683x1024.jpg\" alt=\"\" class=\"wp-image-5827\" srcset=\"https:\/\/www.isigny-ste-mere.com\/wp-content\/uploads\/2023\/06\/camembert-affine-683x1024.jpg 683w, https:\/\/www.isigny-ste-mere.com\/wp-content\/uploads\/2023\/06\/camembert-affine-200x300.jpg 200w, https:\/\/www.isigny-ste-mere.com\/wp-content\/uploads\/2023\/06\/camembert-affine-768x1152.jpg 768w, https:\/\/www.isigny-ste-mere.com\/wp-content\/uploads\/2023\/06\/camembert-affine-1024x1536.jpg 1024w, https:\/\/www.isigny-ste-mere.com\/wp-content\/uploads\/2023\/06\/camembert-affine-533x800.jpg 533w, https:\/\/www.isigny-ste-mere.com\/wp-content\/uploads\/2023\/06\/camembert-affine-133x200.jpg 133w, https:\/\/www.isigny-ste-mere.com\/wp-content\/uploads\/2023\/06\/camembert-affine-267x400.jpg 267w, https:\/\/www.isigny-ste-mere.com\/wp-content\/uploads\/2023\/06\/camembert-affine-400x600.jpg 400w, https:\/\/www.isigny-ste-mere.com\/wp-content\/uploads\/2023\/06\/camembert-affine-scaled.jpg 1267w\" sizes=\"auto, (max-width: 683px) 100vw, 683px\" \/><\/figure>\n<\/div>\n\n\n\n<div class=\"wp-block-column is-layout-flow wp-block-column-is-layout-flow\" style=\"flex-basis:66.66%\">\n<p>Il nostro Camembert nasce dal terroir della Normandia, nel cuore del Parco Naturale Regionale delle Paludi di Cotentin e Bessin, ed \u00e8 prodotto esclusivamente con il miglior latte normanno, eccezionalmente ricco di grassi, proteine e vitamine.<br>Prestiamo particolare attenzione a ogni fase della produzione, per garantire che i nostri formaggi Camembert siano sempre di qualit\u00e0 e consistenza impeccabile.<\/p>\n<\/div>\n<\/div>\n\n\n\n<h4 class=\"wp-block-heading\" id=\"h-processo-di-produzione\"><strong>Processo di produzione<\/strong><\/h4>\n\n\n\n<p>Il latte viene raccolto ogni 48 ore dai nostri produttori e trasportato in cisterne di raccolta, dove viene sottoposto a un primo controllo per verificare che soddisfi i nostri standard di qualit\u00e0.<br>Successivamente, il latte viene inoculato con colture lattiche e lasciato maturare per 12 ore a una temperatura compresa tra 12 e 15\u00b0C. Queste colture lattiche, provenienti esclusivamente dal terroir di Isigny, conferiscono al Camembert il suo gusto tipico e caratteristico, giocando un ruolo essenziale nell&#8217;esprimere il suo \u201cbouquet\u201d.<br>Il latte viene versato in vasche dove si aggiunge gradualmente il caglio per trasformarlo in cagliata. La cagliata viene tagliata, raccolta con mestoli e collocata negli stampi a intervalli regolari. I Camembert si sgocciolano naturalmente per circa 18 ore. I formaggi vengono quindi salati, asciugati e trasferiti nei locali di stagionatura per iniziare il processo di maturazione.<\/p>\n\n\n\n<p>Al quarto giorno di stagionatura, i Camembert emanano un dolce profumo di mele, segno di grande qualit\u00e0. Al quinto giorno, i formaggi vengono girati manualmente e separati, come spiega il nostro Mastro Casaro:<br><em>&#8220;Se lasciamo i Camembert vicini, si attaccano come se fossero innamorati. Per separarli, dovremmo strapparli.&#8221;<\/em><\/p>\n\n\n\n<p>Durante il tempo trascorso nelle stanze di stagionatura, i formaggi fioriscono, sviluppando una caratteristica crosta bianca (grazie al penicillium che si sviluppa sulla superficie). Dopo 12 giorni, vengono trasferiti nelle cantine di maturazione, dove trascorrono un\u2019altra settimana prima di essere pronti per la degustazione.<\/p>\n\n\n\n<h4 class=\"wp-block-heading\" id=\"h-fasi-della-maturazione\"><strong>Fasi della maturazione<\/strong><\/h4>\n\n\n\n<div class=\"wp-block-columns is-layout-flex wp-container-core-columns-is-layout-9d6595d7 wp-block-columns-is-layout-flex\">\n<div class=\"wp-block-column is-layout-flow wp-block-column-is-layout-flow\">\n<figure class=\"wp-block-image size-large\"><img loading=\"lazy\" decoding=\"async\" width=\"2591\" height=\"2591\" src=\"https:\/\/www.isigny-ste-mere.com\/wp-content\/uploads\/2023\/06\/isigny-ste-mere-camembert-3-scaled.jpg\" alt=\"\" class=\"wp-image-4899\"\/><figcaption class=\"wp-element-caption\">Fresco (1 settimana)<\/figcaption><\/figure>\n<\/div>\n\n\n\n<div class=\"wp-block-column is-layout-flow wp-block-column-is-layout-flow\">\n<figure class=\"wp-block-image size-large\"><img loading=\"lazy\" decoding=\"async\" width=\"2516\" height=\"2516\" src=\"https:\/\/www.isigny-ste-mere.com\/wp-content\/uploads\/2023\/06\/isigny-ste-mere-camembert-4-scaled.jpg\" alt=\"\" class=\"wp-image-4901\"\/><figcaption class=\"wp-element-caption\">\u00bd maturo (2 settimane)<\/figcaption><\/figure>\n<\/div>\n\n\n\n<div class=\"wp-block-column is-layout-flow wp-block-column-is-layout-flow\">\n<figure class=\"wp-block-image size-large\"><img loading=\"lazy\" decoding=\"async\" width=\"2516\" height=\"2516\" src=\"https:\/\/www.isigny-ste-mere.com\/wp-content\/uploads\/2023\/06\/isigny-ste-mere-camembert-5-scaled.jpg\" alt=\"\" class=\"wp-image-4903\"\/><figcaption class=\"wp-element-caption\">\u00be maturo (3 settimane)<\/figcaption><\/figure>\n<\/div>\n\n\n\n<div class=\"wp-block-column is-layout-flow wp-block-column-is-layout-flow\">\n<figure class=\"wp-block-image size-large is-resized\"><img loading=\"lazy\" decoding=\"async\" width=\"2516\" height=\"2516\" src=\"https:\/\/www.isigny-ste-mere.com\/wp-content\/uploads\/2023\/06\/isigny-ste-mere-camembert-6-scaled.jpg\" alt=\"\" class=\"wp-image-4905\" style=\"width:207px;height:207px\"\/><figcaption class=\"wp-element-caption\">Maturo (4 settimane)<\/figcaption><\/figure>\n<\/div>\n<\/div>\n\n\n\n<h3 class=\"wp-block-heading\" id=\"h-i-segreti-di-produzione-del-pont-l-eveque-dop\"><strong>I SEGRETI DI PRODUZIONE DEL PONT L\u2019\u00c9V\u00caQUE DOP<\/strong><\/h3>\n\n\n\n<div class=\"wp-block-columns is-layout-flex wp-container-core-columns-is-layout-9d6595d7 wp-block-columns-is-layout-flex\">\n<div class=\"wp-block-column is-layout-flow wp-block-column-is-layout-flow\" style=\"flex-basis:33.33%\">\n<figure class=\"wp-block-image size-full\"><img loading=\"lazy\" decoding=\"async\" width=\"1267\" height=\"1900\" src=\"https:\/\/www.isigny-ste-mere.com\/wp-content\/uploads\/2024\/12\/pont-leveque-vin-rouge-1-scaled.jpg\" alt=\"Pont l'\u00e9v\u00eaque Isigny Sainte-M\u00e8re\" class=\"wp-image-11136\" srcset=\"https:\/\/www.isigny-ste-mere.com\/wp-content\/uploads\/2024\/12\/pont-leveque-vin-rouge-1-scaled.jpg 1267w, https:\/\/www.isigny-ste-mere.com\/wp-content\/uploads\/2024\/12\/pont-leveque-vin-rouge-1-200x300.jpg 200w, https:\/\/www.isigny-ste-mere.com\/wp-content\/uploads\/2024\/12\/pont-leveque-vin-rouge-1-683x1024.jpg 683w, https:\/\/www.isigny-ste-mere.com\/wp-content\/uploads\/2024\/12\/pont-leveque-vin-rouge-1-768x1152.jpg 768w, https:\/\/www.isigny-ste-mere.com\/wp-content\/uploads\/2024\/12\/pont-leveque-vin-rouge-1-1024x1536.jpg 1024w, https:\/\/www.isigny-ste-mere.com\/wp-content\/uploads\/2024\/12\/pont-leveque-vin-rouge-1-1366x2048.jpg 1366w, https:\/\/www.isigny-ste-mere.com\/wp-content\/uploads\/2024\/12\/pont-leveque-vin-rouge-1-533x800.jpg 533w, https:\/\/www.isigny-ste-mere.com\/wp-content\/uploads\/2024\/12\/pont-leveque-vin-rouge-1-133x200.jpg 133w, https:\/\/www.isigny-ste-mere.com\/wp-content\/uploads\/2024\/12\/pont-leveque-vin-rouge-1-267x400.jpg 267w, https:\/\/www.isigny-ste-mere.com\/wp-content\/uploads\/2024\/12\/pont-leveque-vin-rouge-1-400x600.jpg 400w\" sizes=\"auto, (max-width: 1267px) 100vw, 1267px\" \/><\/figure>\n<\/div>\n\n\n\n<div class=\"wp-block-column is-layout-flow wp-block-column-is-layout-flow\" style=\"flex-basis:66.66%\">\n<p>Il nostro Pont l\u2019\u00c9v\u00eaque DOP \u00e8 realizzato secondo un\u2019antica tradizione casearia che continua ancora oggi. Selezioniamo i migliori latti, eccezionalmente ricchi di grassi, proteine e Omega 3, oltre alla flora lattica tipica del terroir di Isigny.<\/p>\n<\/div>\n<\/div>\n\n\n\n<h4 class=\"wp-block-heading\" id=\"h-processo-di-produzione-0\"><strong>Processo di produzione<\/strong><\/h4>\n\n\n\n<p>Il latte viene cagliato per ottenere una materia chiamata cagliata, e i formaggi Pont l\u2019\u00c9v\u00eaque DOP sono quindi pronti per essere posti negli stampi.<br>Vengono sgocciolati per almeno 48 ore, girati pi\u00f9 volte e rimossi dagli stampi prima di essere salati e asciugati. Successivamente, arrivano nei locali di stagionatura dove, come vuole la tradizione, vengono lavati con acqua salata il settimo giorno e girati manualmente sotto l\u2019occhio attento del nostro Mastro Casaro, che assicura il corretto sviluppo della flora e la cremosit\u00e0 del formaggio.<br>I nostri formaggi Pont l\u2019\u00c9v\u00eaque DOP esprimono il massimo del loro carattere al termine di un processo di stagionatura lento e accurato, che dura dagli 8 giorni alle 6 settimane.<\/p>\n\n\n\n<h4 class=\"wp-block-heading\" id=\"h-il-nostro-pont-l-eveque-dop\"><strong>Il nostro Pont-l\u2019\u00c9v\u00eaque DOP<\/strong><\/h4>\n\n\n\n<div class=\"wp-block-columns is-layout-flex wp-container-core-columns-is-layout-9d6595d7 wp-block-columns-is-layout-flex\">\n<div class=\"wp-block-column is-layout-flow wp-block-column-is-layout-flow\" style=\"flex-basis:33.33%\">\n<figure class=\"wp-block-image size-full\"><img loading=\"lazy\" decoding=\"async\" width=\"600\" height=\"600\" src=\"https:\/\/www.isigny-ste-mere.com\/wp-content\/uploads\/2023\/06\/pont-leveque-1.png\" alt=\"\" class=\"wp-image-5752\" srcset=\"https:\/\/www.isigny-ste-mere.com\/wp-content\/uploads\/2023\/06\/pont-leveque-1.png 600w, https:\/\/www.isigny-ste-mere.com\/wp-content\/uploads\/2023\/06\/pont-leveque-1-300x300.png 300w, https:\/\/www.isigny-ste-mere.com\/wp-content\/uploads\/2023\/06\/pont-leveque-1-150x150.png 150w, https:\/\/www.isigny-ste-mere.com\/wp-content\/uploads\/2023\/06\/pont-leveque-1-200x200.png 200w, https:\/\/www.isigny-ste-mere.com\/wp-content\/uploads\/2023\/06\/pont-leveque-1-400x400.png 400w\" sizes=\"auto, (max-width: 600px) 100vw, 600px\" \/><\/figure>\n<\/div>\n\n\n\n<div class=\"wp-block-column is-layout-flow wp-block-column-is-layout-flow\" style=\"flex-basis:66.66%\">\n<p>Il nostro Pont l\u2019\u00c9v\u00eaque DOP \u00e8 prodotto con latte raccolto da aziende agricole selezionate entro un raggio di 50 km, quindi stagionato nelle nostre cantine in Normandia. \u00c8 disponibile in due formati quadrati (piccolo da 220 g e grande da 350 g).<br>Sottile ed elegante, il nostro Pont l\u2019\u00c9v\u00eaque DOP sprigiona preziosi aromi di nocciola, perfetti in abbinamento alla nobilt\u00e0 di un Camembert DOP normanno su un tagliere. Si pu\u00f2 servire con una semplice fetta di pane rustico, qualche fico secco, sciolto al forno o in un gratin.<\/p>\n<\/div>\n<\/div>\n\n\n\n<p><\/p>\n","protected":false},"excerpt":{"rendered":"<p>Cooperativa di agricoltori dal 1909 Fondata nel 1909 in Normandia, la Cooperativa Isigny Sainte-M\u00e8re \u00e8 [&hellip;]<\/p>\n","protected":false},"author":6,"featured_media":0,"parent":0,"menu_order":0,"comment_status":"closed","ping_status":"closed","template":"","meta":{"_acf_changed":false,"footnotes":""},"class_list":["post-11129","page","type-page","status-publish","hentry"],"acf":[],"yoast_head":"<!-- This site is optimized with the Yoast SEO Premium plugin v25.3.1 (Yoast SEO v26.5) - https:\/\/yoast.com\/wordpress\/plugins\/seo\/ -->\n<title>Specialita - Isigny Sainte-M\u00e8re<\/title>\n<meta name=\"robots\" content=\"index, follow, max-snippet:-1, max-image-preview:large, max-video-preview:-1\" \/>\n<link rel=\"canonical\" href=\"https:\/\/www.isigny-ste-mere.com\/en\/specialita\/\" \/>\n<meta property=\"og:locale\" content=\"en_US\" \/>\n<meta property=\"og:type\" content=\"article\" \/>\n<meta property=\"og:title\" content=\"Specialita\" \/>\n<meta property=\"og:description\" content=\"Cooperativa di agricoltori dal 1909 Fondata nel 1909 in Normandia, la Cooperativa Isigny Sainte-M\u00e8re \u00e8 [&hellip;]\" \/>\n<meta property=\"og:url\" content=\"https:\/\/www.isigny-ste-mere.com\/en\/specialita\/\" \/>\n<meta property=\"og:site_name\" content=\"Isigny Sainte-M\u00e8re\" \/>\n<meta property=\"article:publisher\" content=\"https:\/\/www.facebook.com\/Cooperative.Isigny.Ste.Mere\" \/>\n<meta property=\"article:modified_time\" content=\"2024-12-13T13:13:38+00:00\" \/>\n<meta property=\"og:image\" content=\"https:\/\/www.isigny-ste-mere.com\/wp-content\/uploads\/2023\/06\/camembert-affine-683x1024.jpg\" \/>\n<script type=\"application\/ld+json\" class=\"yoast-schema-graph\">{\"@context\":\"https:\/\/schema.org\",\"@graph\":[{\"@type\":\"WebPage\",\"@id\":\"https:\/\/www.isigny-ste-mere.com\/en\/specialita\/\",\"url\":\"https:\/\/www.isigny-ste-mere.com\/en\/specialita\/\",\"name\":\"Specialita - Isigny Sainte-M\u00e8re\",\"isPartOf\":{\"@id\":\"https:\/\/www.isigny-ste-mere.com\/en\/#website\"},\"primaryImageOfPage\":{\"@id\":\"https:\/\/www.isigny-ste-mere.com\/en\/specialita\/#primaryimage\"},\"image\":{\"@id\":\"https:\/\/www.isigny-ste-mere.com\/en\/specialita\/#primaryimage\"},\"thumbnailUrl\":\"https:\/\/www.isigny-ste-mere.com\/wp-content\/uploads\/2023\/06\/camembert-affine-683x1024.jpg\",\"datePublished\":\"2024-12-09T15:33:37+00:00\",\"dateModified\":\"2024-12-13T13:13:38+00:00\",\"inLanguage\":\"en-US\",\"potentialAction\":[{\"@type\":\"ReadAction\",\"target\":[\"https:\/\/www.isigny-ste-mere.com\/en\/specialita\/\"]}]},{\"@type\":\"ImageObject\",\"inLanguage\":\"en-US\",\"@id\":\"https:\/\/www.isigny-ste-mere.com\/en\/specialita\/#primaryimage\",\"url\":\"https:\/\/www.isigny-ste-mere.com\/wp-content\/uploads\/2023\/06\/camembert-affine-683x1024.jpg\",\"contentUrl\":\"https:\/\/www.isigny-ste-mere.com\/wp-content\/uploads\/2023\/06\/camembert-affine-683x1024.jpg\"},{\"@type\":\"WebSite\",\"@id\":\"https:\/\/www.isigny-ste-mere.com\/en\/#website\",\"url\":\"https:\/\/www.isigny-ste-mere.com\/en\/\",\"name\":\"Coop\u00e9rative Isigny-Sainte-M\u00e8re\",\"description\":\"Bienvenue sur le site de la coop\u00e9rative Isigny-Sainte-M\u00e8re\",\"publisher\":{\"@id\":\"https:\/\/www.isigny-ste-mere.com\/en\/#organization\"},\"alternateName\":\"Isigny-Sainte-M\u00e8re\",\"potentialAction\":[{\"@type\":\"SearchAction\",\"target\":{\"@type\":\"EntryPoint\",\"urlTemplate\":\"https:\/\/www.isigny-ste-mere.com\/en\/?s={search_term_string}\"},\"query-input\":{\"@type\":\"PropertyValueSpecification\",\"valueRequired\":true,\"valueName\":\"search_term_string\"}}],\"inLanguage\":\"en-US\"},{\"@type\":\"Organization\",\"@id\":\"https:\/\/www.isigny-ste-mere.com\/en\/#organization\",\"name\":\"Isigny Sainte-M\u00e8re\",\"alternateName\":\"Isigny-Sainte-M\u00e8re\",\"url\":\"https:\/\/www.isigny-ste-mere.com\/en\/\",\"logo\":{\"@type\":\"ImageObject\",\"inLanguage\":\"en-US\",\"@id\":\"https:\/\/www.isigny-ste-mere.com\/en\/#\/schema\/logo\/image\/\",\"url\":\"https:\/\/www.isigny-ste-mere.com\/wp-content\/uploads\/2023\/01\/logo-isigny.svg\",\"contentUrl\":\"https:\/\/www.isigny-ste-mere.com\/wp-content\/uploads\/2023\/01\/logo-isigny.svg\",\"width\":254,\"height\":139,\"caption\":\"Isigny Sainte-M\u00e8re\"},\"image\":{\"@id\":\"https:\/\/www.isigny-ste-mere.com\/en\/#\/schema\/logo\/image\/\"},\"sameAs\":[\"https:\/\/www.facebook.com\/Cooperative.Isigny.Ste.Mere\",\"https:\/\/x.com\/isignystemere\",\"https:\/\/www.instagram.com\/isignystemere\/\",\"https:\/\/www.youtube.com\/user\/IsignySainteMere\"]}]}<\/script>\n<!-- \/ Yoast SEO Premium plugin. -->","yoast_head_json":{"title":"Specialita - Isigny Sainte-M\u00e8re","robots":{"index":"index","follow":"follow","max-snippet":"max-snippet:-1","max-image-preview":"max-image-preview:large","max-video-preview":"max-video-preview:-1"},"canonical":"https:\/\/www.isigny-ste-mere.com\/en\/specialita\/","og_locale":"en_US","og_type":"article","og_title":"Specialita","og_description":"Cooperativa di agricoltori dal 1909 Fondata nel 1909 in Normandia, la Cooperativa Isigny Sainte-M\u00e8re \u00e8 [&hellip;]","og_url":"https:\/\/www.isigny-ste-mere.com\/en\/specialita\/","og_site_name":"Isigny Sainte-M\u00e8re","article_publisher":"https:\/\/www.facebook.com\/Cooperative.Isigny.Ste.Mere","article_modified_time":"2024-12-13T13:13:38+00:00","og_image":[{"url":"https:\/\/www.isigny-ste-mere.com\/wp-content\/uploads\/2023\/06\/camembert-affine-683x1024.jpg","type":"","width":"","height":""}],"schema":{"@context":"https:\/\/schema.org","@graph":[{"@type":"WebPage","@id":"https:\/\/www.isigny-ste-mere.com\/en\/specialita\/","url":"https:\/\/www.isigny-ste-mere.com\/en\/specialita\/","name":"Specialita - Isigny Sainte-M\u00e8re","isPartOf":{"@id":"https:\/\/www.isigny-ste-mere.com\/en\/#website"},"primaryImageOfPage":{"@id":"https:\/\/www.isigny-ste-mere.com\/en\/specialita\/#primaryimage"},"image":{"@id":"https:\/\/www.isigny-ste-mere.com\/en\/specialita\/#primaryimage"},"thumbnailUrl":"https:\/\/www.isigny-ste-mere.com\/wp-content\/uploads\/2023\/06\/camembert-affine-683x1024.jpg","datePublished":"2024-12-09T15:33:37+00:00","dateModified":"2024-12-13T13:13:38+00:00","inLanguage":"en-US","potentialAction":[{"@type":"ReadAction","target":["https:\/\/www.isigny-ste-mere.com\/en\/specialita\/"]}]},{"@type":"ImageObject","inLanguage":"en-US","@id":"https:\/\/www.isigny-ste-mere.com\/en\/specialita\/#primaryimage","url":"https:\/\/www.isigny-ste-mere.com\/wp-content\/uploads\/2023\/06\/camembert-affine-683x1024.jpg","contentUrl":"https:\/\/www.isigny-ste-mere.com\/wp-content\/uploads\/2023\/06\/camembert-affine-683x1024.jpg"},{"@type":"WebSite","@id":"https:\/\/www.isigny-ste-mere.com\/en\/#website","url":"https:\/\/www.isigny-ste-mere.com\/en\/","name":"Coop\u00e9rative Isigny-Sainte-M\u00e8re","description":"Bienvenue sur le site de la coop\u00e9rative Isigny-Sainte-M\u00e8re","publisher":{"@id":"https:\/\/www.isigny-ste-mere.com\/en\/#organization"},"alternateName":"Isigny-Sainte-M\u00e8re","potentialAction":[{"@type":"SearchAction","target":{"@type":"EntryPoint","urlTemplate":"https:\/\/www.isigny-ste-mere.com\/en\/?s={search_term_string}"},"query-input":{"@type":"PropertyValueSpecification","valueRequired":true,"valueName":"search_term_string"}}],"inLanguage":"en-US"},{"@type":"Organization","@id":"https:\/\/www.isigny-ste-mere.com\/en\/#organization","name":"Isigny Sainte-M\u00e8re","alternateName":"Isigny-Sainte-M\u00e8re","url":"https:\/\/www.isigny-ste-mere.com\/en\/","logo":{"@type":"ImageObject","inLanguage":"en-US","@id":"https:\/\/www.isigny-ste-mere.com\/en\/#\/schema\/logo\/image\/","url":"https:\/\/www.isigny-ste-mere.com\/wp-content\/uploads\/2023\/01\/logo-isigny.svg","contentUrl":"https:\/\/www.isigny-ste-mere.com\/wp-content\/uploads\/2023\/01\/logo-isigny.svg","width":254,"height":139,"caption":"Isigny Sainte-M\u00e8re"},"image":{"@id":"https:\/\/www.isigny-ste-mere.com\/en\/#\/schema\/logo\/image\/"},"sameAs":["https:\/\/www.facebook.com\/Cooperative.Isigny.Ste.Mere","https:\/\/x.com\/isignystemere","https:\/\/www.instagram.com\/isignystemere\/","https:\/\/www.youtube.com\/user\/IsignySainteMere"]}]}},"_links":{"self":[{"href":"https:\/\/www.isigny-ste-mere.com\/en\/wp-json\/wp\/v2\/pages\/11129","targetHints":{"allow":["GET"]}}],"collection":[{"href":"https:\/\/www.isigny-ste-mere.com\/en\/wp-json\/wp\/v2\/pages"}],"about":[{"href":"https:\/\/www.isigny-ste-mere.com\/en\/wp-json\/wp\/v2\/types\/page"}],"author":[{"embeddable":true,"href":"https:\/\/www.isigny-ste-mere.com\/en\/wp-json\/wp\/v2\/users\/6"}],"replies":[{"embeddable":true,"href":"https:\/\/www.isigny-ste-mere.com\/en\/wp-json\/wp\/v2\/comments?post=11129"}],"version-history":[{"count":6,"href":"https:\/\/www.isigny-ste-mere.com\/en\/wp-json\/wp\/v2\/pages\/11129\/revisions"}],"predecessor-version":[{"id":11142,"href":"https:\/\/www.isigny-ste-mere.com\/en\/wp-json\/wp\/v2\/pages\/11129\/revisions\/11142"}],"wp:attachment":[{"href":"https:\/\/www.isigny-ste-mere.com\/en\/wp-json\/wp\/v2\/media?parent=11129"}],"curies":[{"name":"wp","href":"https:\/\/api.w.org\/{rel}","templated":true}]}}