{"id":3202,"date":"2023-01-18T15:28:25","date_gmt":"2023-01-18T14:28:25","guid":{"rendered":"https:\/\/www.isigny-ste-mere.com\/actualites\/"},"modified":"2024-10-22T15:59:33","modified_gmt":"2024-10-22T13:59:33","slug":"news","status":"publish","type":"page","link":"https:\/\/www.isigny-ste-mere.com\/en\/news\/","title":{"rendered":"News"},"content":{"rendered":"","protected":false},"excerpt":{"rendered":"","protected":false},"author":1,"featured_media":3200,"parent":0,"menu_order":0,"comment_status":"closed","ping_status":"closed","template":"pages-templates\/archive-articles.php","meta":{"_acf_changed":false,"footnotes":""},"class_list":["post-3202","page","type-page","status-publish","has-post-thumbnail","hentry"],"acf":[],"yoast_head":"<!-- This site is optimized with the Yoast SEO Premium plugin v25.3.1 (Yoast SEO v26.5) - https:\/\/yoast.com\/wordpress\/plugins\/seo\/ -->\n<title>News - Last informations<\/title>\n<meta name=\"description\" content=\"Discover our news and last informations about the Cooperative\" \/>\n<meta name=\"robots\" content=\"index, follow, max-snippet:-1, max-image-preview:large, max-video-preview:-1\" \/>\n<link rel=\"canonical\" href=\"https:\/\/www.isigny-ste-mere.com\/en\/news\/\" \/>\n<meta property=\"og:locale\" content=\"en_US\" \/>\n<meta property=\"og:type\" content=\"article\" \/>\n<meta property=\"og:title\" content=\"News\" \/>\n<meta property=\"og:description\" content=\"Discover our news and last informations about the Cooperative\" \/>\n<meta property=\"og:url\" content=\"https:\/\/www.isigny-ste-mere.com\/en\/news\/\" \/>\n<meta property=\"og:site_name\" content=\"Isigny Sainte-M\u00e8re\" \/>\n<meta property=\"article:publisher\" content=\"https:\/\/www.facebook.com\/Cooperative.Isigny.Ste.Mere\" \/>\n<meta property=\"article:modified_time\" content=\"2024-10-22T13:59:33+00:00\" \/>\n<meta property=\"og:image\" content=\"https:\/\/www.isigny-ste-mere.com\/wp-content\/uploads\/2023\/06\/isigny-ste-mere-vaches-001-1024x683.jpg\" \/>\n\t<meta property=\"og:image:width\" content=\"1024\" \/>\n\t<meta property=\"og:image:height\" content=\"683\" \/>\n\t<meta property=\"og:image:type\" content=\"image\/jpeg\" \/>\n<script type=\"application\/ld+json\" class=\"yoast-schema-graph\">{\"@context\":\"https:\/\/schema.org\",\"@graph\":[{\"@type\":\"WebPage\",\"@id\":\"https:\/\/www.isigny-ste-mere.com\/en\/news\/\",\"url\":\"https:\/\/www.isigny-ste-mere.com\/en\/news\/\",\"name\":\"News - Last informations\",\"isPartOf\":{\"@id\":\"https:\/\/www.isigny-ste-mere.com\/en\/#website\"},\"primaryImageOfPage\":{\"@id\":\"https:\/\/www.isigny-ste-mere.com\/en\/news\/#primaryimage\"},\"image\":{\"@id\":\"https:\/\/www.isigny-ste-mere.com\/en\/news\/#primaryimage\"},\"thumbnailUrl\":\"https:\/\/www.isigny-ste-mere.com\/wp-content\/uploads\/2023\/06\/isigny-ste-mere-vaches-001-scaled.jpg\",\"datePublished\":\"2023-01-18T14:28:25+00:00\",\"dateModified\":\"2024-10-22T13:59:33+00:00\",\"description\":\"Discover our news and last informations about the Cooperative\",\"inLanguage\":\"en-US\",\"potentialAction\":[{\"@type\":\"ReadAction\",\"target\":[\"https:\/\/www.isigny-ste-mere.com\/en\/news\/\"]}]},{\"@type\":\"ImageObject\",\"inLanguage\":\"en-US\",\"@id\":\"https:\/\/www.isigny-ste-mere.com\/en\/news\/#primaryimage\",\"url\":\"https:\/\/www.isigny-ste-mere.com\/wp-content\/uploads\/2023\/06\/isigny-ste-mere-vaches-001-scaled.jpg\",\"contentUrl\":\"https:\/\/www.isigny-ste-mere.com\/wp-content\/uploads\/2023\/06\/isigny-ste-mere-vaches-001-scaled.jpg\",\"width\":8256,\"height\":5504,\"caption\":\"Une vache et son veau sous un arbre en fleurs\"},{\"@type\":\"WebSite\",\"@id\":\"https:\/\/www.isigny-ste-mere.com\/en\/#website\",\"url\":\"https:\/\/www.isigny-ste-mere.com\/en\/\",\"name\":\"Coop\u00e9rative Isigny-Sainte-M\u00e8re\",\"description\":\"Bienvenue sur le site de la coop\u00e9rative Isigny-Sainte-M\u00e8re\",\"publisher\":{\"@id\":\"https:\/\/www.isigny-ste-mere.com\/en\/#organization\"},\"alternateName\":\"Isigny-Sainte-M\u00e8re\",\"potentialAction\":[{\"@type\":\"SearchAction\",\"target\":{\"@type\":\"EntryPoint\",\"urlTemplate\":\"https:\/\/www.isigny-ste-mere.com\/en\/?s={search_term_string}\"},\"query-input\":{\"@type\":\"PropertyValueSpecification\",\"valueRequired\":true,\"valueName\":\"search_term_string\"}}],\"inLanguage\":\"en-US\"},{\"@type\":\"Organization\",\"@id\":\"https:\/\/www.isigny-ste-mere.com\/en\/#organization\",\"name\":\"Isigny Sainte-M\u00e8re\",\"alternateName\":\"Isigny-Sainte-M\u00e8re\",\"url\":\"https:\/\/www.isigny-ste-mere.com\/en\/\",\"logo\":{\"@type\":\"ImageObject\",\"inLanguage\":\"en-US\",\"@id\":\"https:\/\/www.isigny-ste-mere.com\/en\/#\/schema\/logo\/image\/\",\"url\":\"https:\/\/www.isigny-ste-mere.com\/wp-content\/uploads\/2023\/01\/logo-isigny.svg\",\"contentUrl\":\"https:\/\/www.isigny-ste-mere.com\/wp-content\/uploads\/2023\/01\/logo-isigny.svg\",\"width\":254,\"height\":139,\"caption\":\"Isigny Sainte-M\u00e8re\"},\"image\":{\"@id\":\"https:\/\/www.isigny-ste-mere.com\/en\/#\/schema\/logo\/image\/\"},\"sameAs\":[\"https:\/\/www.facebook.com\/Cooperative.Isigny.Ste.Mere\",\"https:\/\/x.com\/isignystemere\",\"https:\/\/www.instagram.com\/isignystemere\/\",\"https:\/\/www.youtube.com\/user\/IsignySainteMere\"]}]}<\/script>\n<!-- \/ Yoast SEO Premium plugin. -->","yoast_head_json":{"title":"News - Last informations","description":"Discover our news and last informations about the Cooperative","robots":{"index":"index","follow":"follow","max-snippet":"max-snippet:-1","max-image-preview":"max-image-preview:large","max-video-preview":"max-video-preview:-1"},"canonical":"https:\/\/www.isigny-ste-mere.com\/en\/news\/","og_locale":"en_US","og_type":"article","og_title":"News","og_description":"Discover our news and last informations about the Cooperative","og_url":"https:\/\/www.isigny-ste-mere.com\/en\/news\/","og_site_name":"Isigny Sainte-M\u00e8re","article_publisher":"https:\/\/www.facebook.com\/Cooperative.Isigny.Ste.Mere","article_modified_time":"2024-10-22T13:59:33+00:00","og_image":[{"width":1024,"height":683,"url":"https:\/\/www.isigny-ste-mere.com\/wp-content\/uploads\/2023\/06\/isigny-ste-mere-vaches-001-1024x683.jpg","type":"image\/jpeg"}],"schema":{"@context":"https:\/\/schema.org","@graph":[{"@type":"WebPage","@id":"https:\/\/www.isigny-ste-mere.com\/en\/news\/","url":"https:\/\/www.isigny-ste-mere.com\/en\/news\/","name":"News - Last informations","isPartOf":{"@id":"https:\/\/www.isigny-ste-mere.com\/en\/#website"},"primaryImageOfPage":{"@id":"https:\/\/www.isigny-ste-mere.com\/en\/news\/#primaryimage"},"image":{"@id":"https:\/\/www.isigny-ste-mere.com\/en\/news\/#primaryimage"},"thumbnailUrl":"https:\/\/www.isigny-ste-mere.com\/wp-content\/uploads\/2023\/06\/isigny-ste-mere-vaches-001-scaled.jpg","datePublished":"2023-01-18T14:28:25+00:00","dateModified":"2024-10-22T13:59:33+00:00","description":"Discover our news and last informations about the Cooperative","inLanguage":"en-US","potentialAction":[{"@type":"ReadAction","target":["https:\/\/www.isigny-ste-mere.com\/en\/news\/"]}]},{"@type":"ImageObject","inLanguage":"en-US","@id":"https:\/\/www.isigny-ste-mere.com\/en\/news\/#primaryimage","url":"https:\/\/www.isigny-ste-mere.com\/wp-content\/uploads\/2023\/06\/isigny-ste-mere-vaches-001-scaled.jpg","contentUrl":"https:\/\/www.isigny-ste-mere.com\/wp-content\/uploads\/2023\/06\/isigny-ste-mere-vaches-001-scaled.jpg","width":8256,"height":5504,"caption":"Une vache et son veau sous un arbre en fleurs"},{"@type":"WebSite","@id":"https:\/\/www.isigny-ste-mere.com\/en\/#website","url":"https:\/\/www.isigny-ste-mere.com\/en\/","name":"Coop\u00e9rative Isigny-Sainte-M\u00e8re","description":"Bienvenue sur le site de la coop\u00e9rative Isigny-Sainte-M\u00e8re","publisher":{"@id":"https:\/\/www.isigny-ste-mere.com\/en\/#organization"},"alternateName":"Isigny-Sainte-M\u00e8re","potentialAction":[{"@type":"SearchAction","target":{"@type":"EntryPoint","urlTemplate":"https:\/\/www.isigny-ste-mere.com\/en\/?s={search_term_string}"},"query-input":{"@type":"PropertyValueSpecification","valueRequired":true,"valueName":"search_term_string"}}],"inLanguage":"en-US"},{"@type":"Organization","@id":"https:\/\/www.isigny-ste-mere.com\/en\/#organization","name":"Isigny Sainte-M\u00e8re","alternateName":"Isigny-Sainte-M\u00e8re","url":"https:\/\/www.isigny-ste-mere.com\/en\/","logo":{"@type":"ImageObject","inLanguage":"en-US","@id":"https:\/\/www.isigny-ste-mere.com\/en\/#\/schema\/logo\/image\/","url":"https:\/\/www.isigny-ste-mere.com\/wp-content\/uploads\/2023\/01\/logo-isigny.svg","contentUrl":"https:\/\/www.isigny-ste-mere.com\/wp-content\/uploads\/2023\/01\/logo-isigny.svg","width":254,"height":139,"caption":"Isigny Sainte-M\u00e8re"},"image":{"@id":"https:\/\/www.isigny-ste-mere.com\/en\/#\/schema\/logo\/image\/"},"sameAs":["https:\/\/www.facebook.com\/Cooperative.Isigny.Ste.Mere","https:\/\/x.com\/isignystemere","https:\/\/www.instagram.com\/isignystemere\/","https:\/\/www.youtube.com\/user\/IsignySainteMere"]}]}},"_links":{"self":[{"href":"https:\/\/www.isigny-ste-mere.com\/en\/wp-json\/wp\/v2\/pages\/3202","targetHints":{"allow":["GET"]}}],"collection":[{"href":"https:\/\/www.isigny-ste-mere.com\/en\/wp-json\/wp\/v2\/pages"}],"about":[{"href":"https:\/\/www.isigny-ste-mere.com\/en\/wp-json\/wp\/v2\/types\/page"}],"author":[{"embeddable":true,"href":"https:\/\/www.isigny-ste-mere.com\/en\/wp-json\/wp\/v2\/users\/1"}],"replies":[{"embeddable":true,"href":"https:\/\/www.isigny-ste-mere.com\/en\/wp-json\/wp\/v2\/comments?post=3202"}],"version-history":[{"count":2,"href":"https:\/\/www.isigny-ste-mere.com\/en\/wp-json\/wp\/v2\/pages\/3202\/revisions"}],"predecessor-version":[{"id":3204,"href":"https:\/\/www.isigny-ste-mere.com\/en\/wp-json\/wp\/v2\/pages\/3202\/revisions\/3204"}],"wp:featuredmedia":[{"embeddable":true,"href":"https:\/\/www.isigny-ste-mere.com\/en\/wp-json\/wp\/v2\/media\/3200"}],"wp:attachment":[{"href":"https:\/\/www.isigny-ste-mere.com\/en\/wp-json\/wp\/v2\/media?parent=3202"}],"curies":[{"name":"wp","href":"https:\/\/api.w.org\/{rel}","templated":true}]}}