{"id":5587,"date":"2023-01-19T14:54:14","date_gmt":"2023-01-19T13:54:14","guid":{"rendered":"https:\/\/www.isigny-ste-mere.com\/professionnels\/"},"modified":"2024-10-22T16:07:04","modified_gmt":"2024-10-22T14:07:04","slug":"chefs-and-bakers","status":"publish","type":"page","link":"https:\/\/www.isigny-ste-mere.com\/en\/chefs-and-bakers\/","title":{"rendered":"Chefs and bakers"},"content":{"rendered":"\n<h2 class=\"wp-block-heading is-style-add-wave\">Welcome to our pages dedicated to professionals from the food trade<\/h2>\n\n\n\n<p class=\"is-style-introduction\">As we travel all over the world, we enjoy meeting and talking to the bakers, pastry chefs, dairies, cheesemongers, ice-cream makers, biscuit manufacturers, bartenders, chefs, cooks, restaurant owners, chocolate makers, hotel owners, wholesalers, Meilleurs Ouvriers de France (Best Craftsmen of France) and gastronomy experts from around the globe who use our dairy products. These pages, like our products, have been designed exclusively for you, based on what you have told us.<\/p>\n\n\n\n<div class=\"wp-block-columns alignwide is-layout-flex wp-container-core-columns-is-layout-9d6595d7 wp-block-columns-is-layout-flex\">\n<div class=\"wp-block-column is-style-two-columns is-layout-flow wp-block-column-is-layout-flow\">\n<p>At Isigny Sainte-M\u00e8re, we transform exceptional milk that you find in our selection of dairy products. While remaining authentic, these products have been tailored for professional use to meet your every need. Their possibilities are endless.<\/p>\n\n\n\n<p>They can be used as the basis for elaborate recipes or in many simple dishes, allowing you to express your creativity to the full and elevate your culinary creations.<\/p>\n<\/div>\n<\/div>\n\n\n\n<div class=\"wp-block-columns alignwide is-layout-flex wp-container-core-columns-is-layout-9d6595d7 wp-block-columns-is-layout-flex\">\n<div class=\"wp-block-column is-layout-flow wp-block-column-is-layout-flow\">\n<p>Regardless of how they are used, our Cooperative\u2019s dairy products also represent a guarantee of quality, high standards and authenticity. Consumers in France and abroad associate us with excellence and our Cooperative is synonymous with products rigorously made in Normandy.<\/p>\n\n\n\n<p>This image fits perfectly with new trends in promoting local produce.<\/p>\n<\/div>\n\n\n\n<div class=\"wp-block-column is-layout-flow wp-block-column-is-layout-flow\">\n<figure class=\"wp-block-image size-large\"><img loading=\"lazy\" decoding=\"async\" width=\"1024\" height=\"683\" src=\"https:\/\/www.isigny-ste-mere.com\/wp-content\/uploads\/2023\/07\/isigny-ste-mere-professionnels-cyril-yver-elise-lagueste-1-1024x683.webp\" alt=\"\" class=\"wp-image-6622\" srcset=\"https:\/\/www.isigny-ste-mere.com\/wp-content\/uploads\/2023\/07\/isigny-ste-mere-professionnels-cyril-yver-elise-lagueste-1-1024x683.webp 1024w, https:\/\/www.isigny-ste-mere.com\/wp-content\/uploads\/2023\/07\/isigny-ste-mere-professionnels-cyril-yver-elise-lagueste-1-300x200.webp 300w, https:\/\/www.isigny-ste-mere.com\/wp-content\/uploads\/2023\/07\/isigny-ste-mere-professionnels-cyril-yver-elise-lagueste-1-768x512.webp 768w, https:\/\/www.isigny-ste-mere.com\/wp-content\/uploads\/2023\/07\/isigny-ste-mere-professionnels-cyril-yver-elise-lagueste-1-1536x1024.webp 1536w, https:\/\/www.isigny-ste-mere.com\/wp-content\/uploads\/2023\/07\/isigny-ste-mere-professionnels-cyril-yver-elise-lagueste-1-1200x800.webp 1200w, https:\/\/www.isigny-ste-mere.com\/wp-content\/uploads\/2023\/07\/isigny-ste-mere-professionnels-cyril-yver-elise-lagueste-1-400x267.webp 400w, https:\/\/www.isigny-ste-mere.com\/wp-content\/uploads\/2023\/07\/isigny-ste-mere-professionnels-cyril-yver-elise-lagueste-1-200x133.webp 200w, https:\/\/www.isigny-ste-mere.com\/wp-content\/uploads\/2023\/07\/isigny-ste-mere-professionnels-cyril-yver-elise-lagueste-1-600x400.webp 600w, https:\/\/www.isigny-ste-mere.com\/wp-content\/uploads\/2023\/07\/isigny-ste-mere-professionnels-cyril-yver-elise-lagueste-1-scaled.webp 1900w\" sizes=\"auto, (max-width: 1024px) 100vw, 1024px\" \/><\/figure>\n<\/div>\n<\/div>\n\n\n\n<div class=\"wp-block-columns alignwide is-layout-flex wp-container-core-columns-is-layout-9d6595d7 wp-block-columns-is-layout-flex\">\n<div class=\"wp-block-column is-vertically-aligned-center is-layout-flow wp-block-column-is-layout-flow\">\n<figure class=\"wp-block-image aligncenter size-large\"><img loading=\"lazy\" decoding=\"async\" width=\"1024\" height=\"683\" src=\"https:\/\/www.isigny-ste-mere.com\/wp-content\/uploads\/2023\/06\/isigny-pro-produits-1024x683.jpg\" alt=\"\" class=\"wp-image-5574\" srcset=\"https:\/\/www.isigny-ste-mere.com\/wp-content\/uploads\/2023\/06\/isigny-pro-produits-1024x683.jpg 1024w, https:\/\/www.isigny-ste-mere.com\/wp-content\/uploads\/2023\/06\/isigny-pro-produits-300x200.jpg 300w, https:\/\/www.isigny-ste-mere.com\/wp-content\/uploads\/2023\/06\/isigny-pro-produits-768x512.jpg 768w, https:\/\/www.isigny-ste-mere.com\/wp-content\/uploads\/2023\/06\/isigny-pro-produits-1536x1025.jpg 1536w, https:\/\/www.isigny-ste-mere.com\/wp-content\/uploads\/2023\/06\/isigny-pro-produits-1199x800.jpg 1199w, https:\/\/www.isigny-ste-mere.com\/wp-content\/uploads\/2023\/06\/isigny-pro-produits-400x267.jpg 400w, https:\/\/www.isigny-ste-mere.com\/wp-content\/uploads\/2023\/06\/isigny-pro-produits-200x133.jpg 200w, https:\/\/www.isigny-ste-mere.com\/wp-content\/uploads\/2023\/06\/isigny-pro-produits-scaled.jpg 1900w\" sizes=\"auto, (max-width: 1024px) 100vw, 1024px\" \/><\/figure>\n<\/div>\n\n\n\n<div class=\"wp-block-column is-layout-flow wp-block-column-is-layout-flow\">\n<p>Many of you make reference to us or print the Isigny Sainte-M\u00e8re logo on your menus as proof of the high quality ingredients you use in your kitchens or culinary laboratories, and that means a lot to us.<\/p>\n\n\n\n<p>All of our products are sold in containers and formats that are specially designed for professionals. They retain the same properties and are made according to the same requirements and standards of quality as the products presented on the other pages of our website.<\/p>\n\n\n\n<div class=\"wp-block-buttons is-layout-flex wp-block-buttons-is-layout-flex\">\n<div class=\"wp-block-button\"><a class=\"wp-block-button__link wp-element-button\" href=\"https:\/\/www.isigny-ste-mere.com\/en\/our-products\/\">Learn more about our products<\/a><\/div>\n<\/div>\n<\/div>\n<\/div>\n\n\n\n<div class=\"wp-block-columns alignwide is-layout-flex wp-container-core-columns-is-layout-9d6595d7 wp-block-columns-is-layout-flex\">\n<div class=\"wp-block-column is-layout-flow wp-block-column-is-layout-flow\">\n<p>For dairies and cheesemongers, we have a very specific range of products to best meet the needs of your customers.<\/p>\n\n\n\n<p>It is a source of great pride to be able to accompany so many of the world\u2019s culinary masters as they take their dishes and recipes to another level using our exceptional products as ingredients.<\/p>\n\n\n\n<p>At Isigny Sainte-M\u00e8re, we are committed to providing authentic quality products, preserving the know-how and the terroir from which they originate.<\/p>\n\n\n\n<p>We are also committed to inspiring new generations of pastry chefs and bakers, in particular through the \u201cIsigny PDO Butter Best Croissant Competition\u201d,&nbsp;which has been held every year for almost 20 years.<\/p>\n<\/div>\n\n\n\n<div class=\"wp-block-column is-layout-flow wp-block-column-is-layout-flow\">\n<figure class=\"wp-block-image size-large\"><img loading=\"lazy\" decoding=\"async\" width=\"1024\" height=\"683\" src=\"https:\/\/www.isigny-ste-mere.com\/wp-content\/uploads\/2023\/06\/isigny-toulroge-8-1024x683.jpg\" alt=\"\" class=\"wp-image-5572\" srcset=\"https:\/\/www.isigny-ste-mere.com\/wp-content\/uploads\/2023\/06\/isigny-toulroge-8-1024x683.jpg 1024w, https:\/\/www.isigny-ste-mere.com\/wp-content\/uploads\/2023\/06\/isigny-toulroge-8-300x200.jpg 300w, https:\/\/www.isigny-ste-mere.com\/wp-content\/uploads\/2023\/06\/isigny-toulroge-8-768x512.jpg 768w, https:\/\/www.isigny-ste-mere.com\/wp-content\/uploads\/2023\/06\/isigny-toulroge-8-1536x1024.jpg 1536w, https:\/\/www.isigny-ste-mere.com\/wp-content\/uploads\/2023\/06\/isigny-toulroge-8-1200x800.jpg 1200w, https:\/\/www.isigny-ste-mere.com\/wp-content\/uploads\/2023\/06\/isigny-toulroge-8-400x267.jpg 400w, https:\/\/www.isigny-ste-mere.com\/wp-content\/uploads\/2023\/06\/isigny-toulroge-8-200x133.jpg 200w, https:\/\/www.isigny-ste-mere.com\/wp-content\/uploads\/2023\/06\/isigny-toulroge-8-scaled.jpg 1900w\" sizes=\"auto, (max-width: 1024px) 100vw, 1024px\" \/><\/figure>\n<\/div>\n<\/div>\n","protected":false},"excerpt":{"rendered":"<p>Welcome to our pages dedicated to professionals from the food trade As we travel all [&hellip;]<\/p>\n","protected":false},"author":1,"featured_media":5564,"parent":0,"menu_order":0,"comment_status":"closed","ping_status":"closed","template":"pages-templates\/page-sommaire.php","meta":{"_acf_changed":false,"footnotes":""},"class_list":["post-5587","page","type-page","status-publish","has-post-thumbnail","hentry"],"acf":[],"yoast_head":"<!-- This site is optimized with the Yoast SEO Premium plugin v25.3.1 (Yoast SEO v26.5) - https:\/\/yoast.com\/wordpress\/plugins\/seo\/ -->\n<title>Chefs and bakers<\/title>\n<meta name=\"description\" content=\"Welcome to our pages dedicated to professionals from the food trade.\" \/>\n<meta name=\"robots\" content=\"index, follow, max-snippet:-1, max-image-preview:large, max-video-preview:-1\" \/>\n<link rel=\"canonical\" href=\"https:\/\/www.isigny-ste-mere.com\/en\/chefs-and-bakers\/\" \/>\n<meta property=\"og:locale\" content=\"en_US\" \/>\n<meta property=\"og:type\" content=\"article\" \/>\n<meta property=\"og:title\" content=\"Chefs and bakers\" \/>\n<meta property=\"og:description\" content=\"Welcome to our pages dedicated to professionals from the food trade.\" \/>\n<meta property=\"og:url\" content=\"https:\/\/www.isigny-ste-mere.com\/en\/chefs-and-bakers\/\" \/>\n<meta property=\"og:site_name\" content=\"Isigny Sainte-M\u00e8re\" \/>\n<meta property=\"article:publisher\" content=\"https:\/\/www.facebook.com\/Cooperative.Isigny.Ste.Mere\" \/>\n<meta property=\"article:modified_time\" content=\"2024-10-22T14:07:04+00:00\" \/>\n<meta property=\"og:image\" content=\"https:\/\/www.isigny-ste-mere.com\/wp-content\/uploads\/2023\/06\/\u00a9GeraldineMartens-_DSC6539-scaled.jpg\" \/>\n\t<meta property=\"og:image:width\" content=\"1900\" \/>\n\t<meta property=\"og:image:height\" content=\"990\" \/>\n\t<meta property=\"og:image:type\" content=\"image\/jpeg\" \/>\n<script type=\"application\/ld+json\" class=\"yoast-schema-graph\">{\"@context\":\"https:\/\/schema.org\",\"@graph\":[{\"@type\":\"WebPage\",\"@id\":\"https:\/\/www.isigny-ste-mere.com\/en\/chefs-and-bakers\/\",\"url\":\"https:\/\/www.isigny-ste-mere.com\/en\/chefs-and-bakers\/\",\"name\":\"Chefs and bakers\",\"isPartOf\":{\"@id\":\"https:\/\/www.isigny-ste-mere.com\/en\/#website\"},\"primaryImageOfPage\":{\"@id\":\"https:\/\/www.isigny-ste-mere.com\/en\/chefs-and-bakers\/#primaryimage\"},\"image\":{\"@id\":\"https:\/\/www.isigny-ste-mere.com\/en\/chefs-and-bakers\/#primaryimage\"},\"thumbnailUrl\":\"https:\/\/www.isigny-ste-mere.com\/wp-content\/uploads\/2023\/06\/\u00a9GeraldineMartens-_DSC6539-scaled.jpg\",\"datePublished\":\"2023-01-19T13:54:14+00:00\",\"dateModified\":\"2024-10-22T14:07:04+00:00\",\"description\":\"Welcome to our pages dedicated to professionals from the food trade.\",\"inLanguage\":\"en-US\",\"potentialAction\":[{\"@type\":\"ReadAction\",\"target\":[\"https:\/\/www.isigny-ste-mere.com\/en\/chefs-and-bakers\/\"]}]},{\"@type\":\"ImageObject\",\"inLanguage\":\"en-US\",\"@id\":\"https:\/\/www.isigny-ste-mere.com\/en\/chefs-and-bakers\/#primaryimage\",\"url\":\"https:\/\/www.isigny-ste-mere.com\/wp-content\/uploads\/2023\/06\/\u00a9GeraldineMartens-_DSC6539-scaled.jpg\",\"contentUrl\":\"https:\/\/www.isigny-ste-mere.com\/wp-content\/uploads\/2023\/06\/\u00a9GeraldineMartens-_DSC6539-scaled.jpg\",\"width\":1900,\"height\":990},{\"@type\":\"WebSite\",\"@id\":\"https:\/\/www.isigny-ste-mere.com\/en\/#website\",\"url\":\"https:\/\/www.isigny-ste-mere.com\/en\/\",\"name\":\"Coop\u00e9rative Isigny-Sainte-M\u00e8re\",\"description\":\"Bienvenue sur le site de la coop\u00e9rative Isigny-Sainte-M\u00e8re\",\"publisher\":{\"@id\":\"https:\/\/www.isigny-ste-mere.com\/en\/#organization\"},\"alternateName\":\"Isigny-Sainte-M\u00e8re\",\"potentialAction\":[{\"@type\":\"SearchAction\",\"target\":{\"@type\":\"EntryPoint\",\"urlTemplate\":\"https:\/\/www.isigny-ste-mere.com\/en\/?s={search_term_string}\"},\"query-input\":{\"@type\":\"PropertyValueSpecification\",\"valueRequired\":true,\"valueName\":\"search_term_string\"}}],\"inLanguage\":\"en-US\"},{\"@type\":\"Organization\",\"@id\":\"https:\/\/www.isigny-ste-mere.com\/en\/#organization\",\"name\":\"Isigny Sainte-M\u00e8re\",\"alternateName\":\"Isigny-Sainte-M\u00e8re\",\"url\":\"https:\/\/www.isigny-ste-mere.com\/en\/\",\"logo\":{\"@type\":\"ImageObject\",\"inLanguage\":\"en-US\",\"@id\":\"https:\/\/www.isigny-ste-mere.com\/en\/#\/schema\/logo\/image\/\",\"url\":\"https:\/\/www.isigny-ste-mere.com\/wp-content\/uploads\/2023\/01\/logo-isigny.svg\",\"contentUrl\":\"https:\/\/www.isigny-ste-mere.com\/wp-content\/uploads\/2023\/01\/logo-isigny.svg\",\"width\":254,\"height\":139,\"caption\":\"Isigny Sainte-M\u00e8re\"},\"image\":{\"@id\":\"https:\/\/www.isigny-ste-mere.com\/en\/#\/schema\/logo\/image\/\"},\"sameAs\":[\"https:\/\/www.facebook.com\/Cooperative.Isigny.Ste.Mere\",\"https:\/\/x.com\/isignystemere\",\"https:\/\/www.instagram.com\/isignystemere\/\",\"https:\/\/www.youtube.com\/user\/IsignySainteMere\"]}]}<\/script>\n<!-- \/ Yoast SEO Premium plugin. -->","yoast_head_json":{"title":"Chefs and bakers","description":"Welcome to our pages dedicated to professionals from the food trade.","robots":{"index":"index","follow":"follow","max-snippet":"max-snippet:-1","max-image-preview":"max-image-preview:large","max-video-preview":"max-video-preview:-1"},"canonical":"https:\/\/www.isigny-ste-mere.com\/en\/chefs-and-bakers\/","og_locale":"en_US","og_type":"article","og_title":"Chefs and bakers","og_description":"Welcome to our pages dedicated to professionals from the food trade.","og_url":"https:\/\/www.isigny-ste-mere.com\/en\/chefs-and-bakers\/","og_site_name":"Isigny Sainte-M\u00e8re","article_publisher":"https:\/\/www.facebook.com\/Cooperative.Isigny.Ste.Mere","article_modified_time":"2024-10-22T14:07:04+00:00","og_image":[{"width":1900,"height":990,"url":"https:\/\/www.isigny-ste-mere.com\/wp-content\/uploads\/2023\/06\/\u00a9GeraldineMartens-_DSC6539-scaled.jpg","type":"image\/jpeg"}],"schema":{"@context":"https:\/\/schema.org","@graph":[{"@type":"WebPage","@id":"https:\/\/www.isigny-ste-mere.com\/en\/chefs-and-bakers\/","url":"https:\/\/www.isigny-ste-mere.com\/en\/chefs-and-bakers\/","name":"Chefs and bakers","isPartOf":{"@id":"https:\/\/www.isigny-ste-mere.com\/en\/#website"},"primaryImageOfPage":{"@id":"https:\/\/www.isigny-ste-mere.com\/en\/chefs-and-bakers\/#primaryimage"},"image":{"@id":"https:\/\/www.isigny-ste-mere.com\/en\/chefs-and-bakers\/#primaryimage"},"thumbnailUrl":"https:\/\/www.isigny-ste-mere.com\/wp-content\/uploads\/2023\/06\/\u00a9GeraldineMartens-_DSC6539-scaled.jpg","datePublished":"2023-01-19T13:54:14+00:00","dateModified":"2024-10-22T14:07:04+00:00","description":"Welcome to our pages dedicated to professionals from the food trade.","inLanguage":"en-US","potentialAction":[{"@type":"ReadAction","target":["https:\/\/www.isigny-ste-mere.com\/en\/chefs-and-bakers\/"]}]},{"@type":"ImageObject","inLanguage":"en-US","@id":"https:\/\/www.isigny-ste-mere.com\/en\/chefs-and-bakers\/#primaryimage","url":"https:\/\/www.isigny-ste-mere.com\/wp-content\/uploads\/2023\/06\/\u00a9GeraldineMartens-_DSC6539-scaled.jpg","contentUrl":"https:\/\/www.isigny-ste-mere.com\/wp-content\/uploads\/2023\/06\/\u00a9GeraldineMartens-_DSC6539-scaled.jpg","width":1900,"height":990},{"@type":"WebSite","@id":"https:\/\/www.isigny-ste-mere.com\/en\/#website","url":"https:\/\/www.isigny-ste-mere.com\/en\/","name":"Coop\u00e9rative Isigny-Sainte-M\u00e8re","description":"Bienvenue sur le site de la coop\u00e9rative Isigny-Sainte-M\u00e8re","publisher":{"@id":"https:\/\/www.isigny-ste-mere.com\/en\/#organization"},"alternateName":"Isigny-Sainte-M\u00e8re","potentialAction":[{"@type":"SearchAction","target":{"@type":"EntryPoint","urlTemplate":"https:\/\/www.isigny-ste-mere.com\/en\/?s={search_term_string}"},"query-input":{"@type":"PropertyValueSpecification","valueRequired":true,"valueName":"search_term_string"}}],"inLanguage":"en-US"},{"@type":"Organization","@id":"https:\/\/www.isigny-ste-mere.com\/en\/#organization","name":"Isigny Sainte-M\u00e8re","alternateName":"Isigny-Sainte-M\u00e8re","url":"https:\/\/www.isigny-ste-mere.com\/en\/","logo":{"@type":"ImageObject","inLanguage":"en-US","@id":"https:\/\/www.isigny-ste-mere.com\/en\/#\/schema\/logo\/image\/","url":"https:\/\/www.isigny-ste-mere.com\/wp-content\/uploads\/2023\/01\/logo-isigny.svg","contentUrl":"https:\/\/www.isigny-ste-mere.com\/wp-content\/uploads\/2023\/01\/logo-isigny.svg","width":254,"height":139,"caption":"Isigny Sainte-M\u00e8re"},"image":{"@id":"https:\/\/www.isigny-ste-mere.com\/en\/#\/schema\/logo\/image\/"},"sameAs":["https:\/\/www.facebook.com\/Cooperative.Isigny.Ste.Mere","https:\/\/x.com\/isignystemere","https:\/\/www.instagram.com\/isignystemere\/","https:\/\/www.youtube.com\/user\/IsignySainteMere"]}]}},"_links":{"self":[{"href":"https:\/\/www.isigny-ste-mere.com\/en\/wp-json\/wp\/v2\/pages\/5587","targetHints":{"allow":["GET"]}}],"collection":[{"href":"https:\/\/www.isigny-ste-mere.com\/en\/wp-json\/wp\/v2\/pages"}],"about":[{"href":"https:\/\/www.isigny-ste-mere.com\/en\/wp-json\/wp\/v2\/types\/page"}],"author":[{"embeddable":true,"href":"https:\/\/www.isigny-ste-mere.com\/en\/wp-json\/wp\/v2\/users\/1"}],"replies":[{"embeddable":true,"href":"https:\/\/www.isigny-ste-mere.com\/en\/wp-json\/wp\/v2\/comments?post=5587"}],"version-history":[{"count":4,"href":"https:\/\/www.isigny-ste-mere.com\/en\/wp-json\/wp\/v2\/pages\/5587\/revisions"}],"predecessor-version":[{"id":10257,"href":"https:\/\/www.isigny-ste-mere.com\/en\/wp-json\/wp\/v2\/pages\/5587\/revisions\/10257"}],"wp:featuredmedia":[{"embeddable":true,"href":"https:\/\/www.isigny-ste-mere.com\/en\/wp-json\/wp\/v2\/media\/5564"}],"wp:attachment":[{"href":"https:\/\/www.isigny-ste-mere.com\/en\/wp-json\/wp\/v2\/media?parent=5587"}],"curies":[{"name":"wp","href":"https:\/\/api.w.org\/{rel}","templated":true}]}}