{"id":5592,"date":"2023-06-21T10:23:30","date_gmt":"2023-06-21T08:23:30","guid":{"rendered":"https:\/\/www.isigny-ste-mere.com\/professionnels\/beurre-disigny-a-o-p\/"},"modified":"2026-01-02T11:42:43","modified_gmt":"2026-01-02T10:42:43","slug":"beurre-disigny-a-o-p","status":"publish","type":"page","link":"https:\/\/www.isigny-ste-mere.com\/en\/chefs-and-bakers\/beurre-disigny-a-o-p\/","title":{"rendered":"PDO ISIGNY BUTTER"},"content":{"rendered":"\n<p class=\"has-text-align-center is-style-introduction\">Our Isigny Butter was awarded the Protected Designation of Origin label in 1986. This constitutes a guarantee of superior quality, a specific terroir and traditional production methods.<\/p>\n\n\n\n<div class=\"wp-block-columns is-not-stacked-on-mobile is-layout-flex wp-container-core-columns-is-layout-9d6595d7 wp-block-columns-is-layout-flex\">\n<div class=\"wp-block-column is-vertically-aligned-center is-layout-flow wp-block-column-is-layout-flow\">\n<figure class=\"wp-block-image aligncenter size-full is-resized\"><img loading=\"lazy\" decoding=\"async\" width=\"591\" height=\"591\" src=\"https:\/\/www.isigny-ste-mere.com\/wp-content\/uploads\/2023\/06\/beurre-aop-isigny.png\" alt=\"\" class=\"wp-image-4966\" style=\"width:148px;height:148px\" srcset=\"https:\/\/www.isigny-ste-mere.com\/wp-content\/uploads\/2023\/06\/beurre-aop-isigny.png 591w, https:\/\/www.isigny-ste-mere.com\/wp-content\/uploads\/2023\/06\/beurre-aop-isigny-300x300.png 300w, https:\/\/www.isigny-ste-mere.com\/wp-content\/uploads\/2023\/06\/beurre-aop-isigny-150x150.png 150w, https:\/\/www.isigny-ste-mere.com\/wp-content\/uploads\/2023\/06\/beurre-aop-isigny-200x200.png 200w, https:\/\/www.isigny-ste-mere.com\/wp-content\/uploads\/2023\/06\/beurre-aop-isigny-400x400.png 400w\" sizes=\"auto, (max-width: 591px) 100vw, 591px\" \/><\/figure>\n<\/div>\n\n\n\n<div class=\"wp-block-column is-vertically-aligned-center is-layout-flow wp-block-column-is-layout-flow\">\n<figure class=\"wp-block-image aligncenter size-full is-resized\"><img loading=\"lazy\" decoding=\"async\" width=\"591\" height=\"591\" src=\"https:\/\/www.isigny-ste-mere.com\/wp-content\/uploads\/2023\/06\/aop-isigny.png\" alt=\"\" class=\"wp-image-4968\" style=\"width:148px;height:148px\" srcset=\"https:\/\/www.isigny-ste-mere.com\/wp-content\/uploads\/2023\/06\/aop-isigny.png 591w, https:\/\/www.isigny-ste-mere.com\/wp-content\/uploads\/2023\/06\/aop-isigny-300x300.png 300w, https:\/\/www.isigny-ste-mere.com\/wp-content\/uploads\/2023\/06\/aop-isigny-150x150.png 150w, https:\/\/www.isigny-ste-mere.com\/wp-content\/uploads\/2023\/06\/aop-isigny-200x200.png 200w, https:\/\/www.isigny-ste-mere.com\/wp-content\/uploads\/2023\/06\/aop-isigny-400x400.png 400w\" sizes=\"auto, (max-width: 591px) 100vw, 591px\" \/><\/figure>\n<\/div>\n<\/div>\n\n\n\n<p>It is made exclusively from the finest milks in the Isigny region, which are exceptionally rich in fat, protein and vitamins. It is natural and, of course, contains no stabilisers or other colourants, to preserve its taste and intrinsic characteristics.<\/p>\n\n\n\n<p>Our PDO Isigny Butter has a buttercup colour that changes with the seasons and boasts a delicious hazelnut flavour. It can be melted, mixed, kneaded or moulded. Depending on how it is worked, it can be soft, creamy, firm or melt-in-the-mouth. It can be served with all kinds of dishes and culinary preparations and can take on any shape.<\/p>\n\n\n    <div  class=\"bloc-instructions\">\n        <div class=\"bloc-instructions__container\">\n            <div class=\"bloc-instructions__container-img\">\n                <div class=\"bloc-instructions__img\"><\/div>\n            <\/div>\n            <div class=\"bloc-instructions__text\">\n                <p>PDO Isigny Butter can also be eaten or used raw, spread on a simple slice of bread or added to a dish. It will add a fresh, creamy and delicate touch to your dishes.<\/p>\n            <\/div>\n        <\/div>\n    <\/div>\n\n\n\n<div class=\"wp-block-columns alignwide is-layout-flex wp-container-core-columns-is-layout-9d6595d7 wp-block-columns-is-layout-flex\">\n<div class=\"wp-block-column is-layout-flow wp-block-column-is-layout-flow\">\n<h2 class=\"wp-block-heading\" id=\"h-our-pdo-isigny-butter-will-elevate-all-your-culinary-preparations-and-recipes\"><strong><strong>Our PDO Isigny Butter will elevate all your culinary preparations and recipes:<\/strong><\/strong><\/h2>\n\n\n\n<ul class=\"wp-block-list\">\n<li>In restaurants, our PDO Isigny Butter can be used raw, cooked or to make delicious sauces (for fish or meat) and emulsions.<\/li>\n\n\n\n<li>Bakers and pastry chefs use it to give their croissants and pastries a delicious buttery flavour. It is also perfect for making flaky and puff pastries.<\/li>\n\n\n\n<li>Biscuit manufacturers use it to efficiently work shortbread or shortcrust pastry. It has unique sensory qualities with a buttery, but also creamy taste.<\/li>\n\n\n\n<li>Its ideal fat content will leave your creations soft and prevent them from drying out.<\/li>\n\n\n\n<li>The single portion format offers excellent spreadability<\/li>\n<\/ul>\n<\/div>\n\n\n\n<div class=\"wp-block-column is-layout-flow wp-block-column-is-layout-flow\">\n<figure class=\"wp-block-image size-large\"><img loading=\"lazy\" decoding=\"async\" width=\"768\" height=\"1024\" src=\"https:\/\/www.isigny-ste-mere.com\/wp-content\/uploads\/2023\/06\/isigny-ste-mere-beurre-pro-003-768x1024.jpg\" alt=\"\" class=\"wp-image-5475\" srcset=\"https:\/\/www.isigny-ste-mere.com\/wp-content\/uploads\/2023\/06\/isigny-ste-mere-beurre-pro-003-768x1025.jpg 768w, https:\/\/www.isigny-ste-mere.com\/wp-content\/uploads\/2023\/06\/isigny-ste-mere-beurre-pro-003-225x300.jpg 225w, https:\/\/www.isigny-ste-mere.com\/wp-content\/uploads\/2023\/06\/isigny-ste-mere-beurre-pro-003-1151x1536.jpg 1151w, https:\/\/www.isigny-ste-mere.com\/wp-content\/uploads\/2023\/06\/isigny-ste-mere-beurre-pro-003-600x800.jpg 600w, https:\/\/www.isigny-ste-mere.com\/wp-content\/uploads\/2023\/06\/isigny-ste-mere-beurre-pro-003-150x200.jpg 150w, https:\/\/www.isigny-ste-mere.com\/wp-content\/uploads\/2023\/06\/isigny-ste-mere-beurre-pro-003-300x400.jpg 300w, https:\/\/www.isigny-ste-mere.com\/wp-content\/uploads\/2023\/06\/isigny-ste-mere-beurre-pro-003.jpg 1200w\" sizes=\"auto, (max-width: 768px) 100vw, 768px\" \/><\/figure>\n<\/div>\n<\/div>\n\n\n\n<div class=\"wp-block-columns alignwide is-layout-flex wp-container-core-columns-is-layout-9d6595d7 wp-block-columns-is-layout-flex\">\n<div class=\"wp-block-column is-layout-flow wp-block-column-is-layout-flow\">\n<figure class=\"wp-block-image size-large\"><img loading=\"lazy\" decoding=\"async\" width=\"1024\" height=\"683\" src=\"https:\/\/www.isigny-ste-mere.com\/wp-content\/uploads\/2023\/06\/isigny-ste-mere-beurre-pro-002-2-1024x683.jpg\" alt=\"\" class=\"wp-image-5479\" srcset=\"https:\/\/www.isigny-ste-mere.com\/wp-content\/uploads\/2023\/06\/isigny-ste-mere-beurre-pro-002-2-1024x683.jpg 1024w, https:\/\/www.isigny-ste-mere.com\/wp-content\/uploads\/2023\/06\/isigny-ste-mere-beurre-pro-002-2-300x200.jpg 300w, https:\/\/www.isigny-ste-mere.com\/wp-content\/uploads\/2023\/06\/isigny-ste-mere-beurre-pro-002-2-768x512.jpg 768w, https:\/\/www.isigny-ste-mere.com\/wp-content\/uploads\/2023\/06\/isigny-ste-mere-beurre-pro-002-2-1536x1024.jpg 1536w, https:\/\/www.isigny-ste-mere.com\/wp-content\/uploads\/2023\/06\/isigny-ste-mere-beurre-pro-002-2-1200x800.jpg 1200w, https:\/\/www.isigny-ste-mere.com\/wp-content\/uploads\/2023\/06\/isigny-ste-mere-beurre-pro-002-2-400x267.jpg 400w, https:\/\/www.isigny-ste-mere.com\/wp-content\/uploads\/2023\/06\/isigny-ste-mere-beurre-pro-002-2-200x133.jpg 200w, https:\/\/www.isigny-ste-mere.com\/wp-content\/uploads\/2023\/06\/isigny-ste-mere-beurre-pro-002-2.jpg 1800w\" sizes=\"auto, (max-width: 1024px) 100vw, 1024px\" \/><\/figure>\n<\/div>\n\n\n\n<div class=\"wp-block-column is-layout-flow wp-block-column-is-layout-flow\">\n<h2 class=\"wp-block-heading\" id=\"h-our-pdo-isigny-butter-is-available-in-a-variety-of-formats-for-professionals\"><strong><strong><strong>Our PDO Isigny Butter is available in a variety of formats for professionals:<\/strong><\/strong><\/strong><\/h2>\n\n\n\n<ul class=\"wp-block-list\">\n<li>For the hotel trade, we have designed a single portion format in small 10, 20 or 25 g tubs and 10 g individual pats of butter.<\/li>\n\n\n\n<li>For dairy shops and cheesemongers, our 5 kg block of Isigny butter is presented in a wooden basket reminiscent of the butter blocks of long ago.<\/li>\n<\/ul>\n<\/div>\n<\/div>\n\n\n\n<div class=\"wp-block-columns alignwide is-layout-flex wp-container-core-columns-is-layout-9d6595d7 wp-block-columns-is-layout-flex\">\n<div class=\"wp-block-column is-layout-flow wp-block-column-is-layout-flow\">\n<h2 class=\"wp-block-heading\" id=\"h-pdo-isigny-butter-can-be-used-to-make\"><strong>PDO Isigny Butter can be used to make:<\/strong><\/h2>\n\n\n\n<p>Swiss rolls and log cakes, custard slices, pastries, Saint-Honor\u00e9 cream puff cakes, Religieuse choux buns, Savarin cakes, choux pastries, tarts or tartlets, rum babas, creams, local or exotic dishes\u2026 Let your creativity flow!<\/p>\n<\/div>\n\n\n\n<div class=\"wp-block-column is-layout-flow wp-block-column-is-layout-flow\">\n<figure class=\"wp-block-image size-large\"><img loading=\"lazy\" decoding=\"async\" width=\"1024\" height=\"1024\" src=\"https:\/\/www.isigny-ste-mere.com\/wp-content\/uploads\/2023\/06\/isigny-ste-mere-beurre-pro-004-1024x1024.jpg\" alt=\"\" class=\"wp-image-5464\" srcset=\"https:\/\/www.isigny-ste-mere.com\/wp-content\/uploads\/2023\/06\/isigny-ste-mere-beurre-pro-004-1024x1024.jpg 1024w, https:\/\/www.isigny-ste-mere.com\/wp-content\/uploads\/2023\/06\/isigny-ste-mere-beurre-pro-004-300x300.jpg 300w, https:\/\/www.isigny-ste-mere.com\/wp-content\/uploads\/2023\/06\/isigny-ste-mere-beurre-pro-004-150x150.jpg 150w, https:\/\/www.isigny-ste-mere.com\/wp-content\/uploads\/2023\/06\/isigny-ste-mere-beurre-pro-004-768x769.jpg 768w, https:\/\/www.isigny-ste-mere.com\/wp-content\/uploads\/2023\/06\/isigny-ste-mere-beurre-pro-004-799x800.jpg 799w, https:\/\/www.isigny-ste-mere.com\/wp-content\/uploads\/2023\/06\/isigny-ste-mere-beurre-pro-004-200x200.jpg 200w, https:\/\/www.isigny-ste-mere.com\/wp-content\/uploads\/2023\/06\/isigny-ste-mere-beurre-pro-004-400x400.jpg 400w, https:\/\/www.isigny-ste-mere.com\/wp-content\/uploads\/2023\/06\/isigny-ste-mere-beurre-pro-004.jpg 1200w\" sizes=\"auto, (max-width: 1024px) 100vw, 1024px\" \/><\/figure>\n<\/div>\n<\/div>\n\n\n\n<h2 class=\"wp-block-heading\" id=\"h-the-pdo-guarantees\"><strong>The PDO guarantees:<\/strong><\/h2>\n\n\n\n<div class=\"wp-block-columns is-layout-flex wp-container-core-columns-is-layout-9d6595d7 wp-block-columns-is-layout-flex\">\n<div class=\"wp-block-column is-style-two-columns is-layout-flow wp-block-column-is-layout-flow\">\n<ul class=\"wp-block-list\">\n<li>Guaranteed origin of the milk (within a 35 km radius around Isigny)<\/li>\n\n\n\n<li>Butter made according to a traditional production process<\/li>\n\n\n\n<li>Butter that contains no stabilisers, colouring agents or GMOs<\/li>\n\n\n\n<li>Rich milk from the Normande breed of cows, in accordance with the PDO specifications.<\/li>\n<\/ul>\n<\/div>\n<\/div>\n\n\n\n<div class=\"wp-block-columns alignwide is-layout-flex wp-container-core-columns-is-layout-9d6595d7 wp-block-columns-is-layout-flex\">\n<div class=\"wp-block-column is-layout-flow wp-block-column-is-layout-flow\">\n<figure class=\"wp-block-image size-large\"><img loading=\"lazy\" decoding=\"async\" width=\"1024\" height=\"576\" src=\"https:\/\/www.isigny-ste-mere.com\/wp-content\/uploads\/2025\/07\/page-5-1024x576.png\" alt=\"Plaquette de Beurre AOP Isigny Sainte-M\u00e8re et dessin d'un croissant\" class=\"wp-image-11860\" srcset=\"https:\/\/www.isigny-ste-mere.com\/wp-content\/uploads\/2025\/07\/page-5-1024x576.png 1024w, https:\/\/www.isigny-ste-mere.com\/wp-content\/uploads\/2025\/07\/page-5-300x169.png 300w, https:\/\/www.isigny-ste-mere.com\/wp-content\/uploads\/2025\/07\/page-5-768x432.png 768w, https:\/\/www.isigny-ste-mere.com\/wp-content\/uploads\/2025\/07\/page-5-1536x864.png 1536w, https:\/\/www.isigny-ste-mere.com\/wp-content\/uploads\/2025\/07\/page-5-1422x800.png 1422w, https:\/\/www.isigny-ste-mere.com\/wp-content\/uploads\/2025\/07\/page-5-400x225.png 400w, https:\/\/www.isigny-ste-mere.com\/wp-content\/uploads\/2025\/07\/page-5-200x113.png 200w, https:\/\/www.isigny-ste-mere.com\/wp-content\/uploads\/2025\/07\/page-5-600x338.png 600w, https:\/\/www.isigny-ste-mere.com\/wp-content\/uploads\/2025\/07\/page-5-scaled.png 1900w\" sizes=\"auto, (max-width: 1024px) 100vw, 1024px\" \/><\/figure>\n<\/div>\n\n\n\n<div class=\"wp-block-column is-layout-flow wp-block-column-is-layout-flow\">\n<h2 class=\"wp-block-heading\" id=\"h-available-formats-and-packs\"><strong><strong>Available formats and packs:<\/strong><\/strong><\/h2>\n\n\n\n<ul class=\"wp-block-list\">\n<li>Individual packs of butter in greaseproof paper<\/li>\n\n\n\n<li>10 g individual pats of butter<\/li>\n\n\n\n<li>10 g, 20 g, 25 g tubs with porcelain dishes<\/li>\n\n\n\n<li>250 g and 500 g rolls<\/li>\n\n\n\n<li>5 kg basket<\/li>\n\n\n\n<li>10 kg box (PDO or Organic)<\/li>\n\n\n\n<li>25 kg cube of butter<\/li>\n\n\n\n<li>Churned butter<\/li>\n<\/ul>\n\n\n\n<div class=\"wp-block-buttons is-layout-flex wp-block-buttons-is-layout-flex\">\n<div class=\"wp-block-button\"><a class=\"wp-block-button__link wp-element-button\" href=\"https:\/\/www.isigny-ste-mere.com\/en\/products\/our-butters\/our-unsalted-and-our-salted-pdo-isigny-butter\/\">To find out more<\/a><\/div>\n<\/div>\n<\/div>\n<\/div>\n\n\n\n<p><\/p>\n","protected":false},"excerpt":{"rendered":"<p>Our Isigny Butter was awarded the Protected Designation of Origin label in 1986. This constitutes [&hellip;]<\/p>\n","protected":false},"author":2,"featured_media":6686,"parent":5587,"menu_order":0,"comment_status":"closed","ping_status":"closed","template":"","meta":{"_acf_changed":false,"footnotes":""},"class_list":["post-5592","page","type-page","status-publish","has-post-thumbnail","hentry"],"acf":[],"yoast_head":"<!-- This site is optimized with the Yoast SEO Premium plugin v25.3.1 (Yoast SEO v26.5) - https:\/\/yoast.com\/wordpress\/plugins\/seo\/ -->\n<title>PDO Isigny Butter<\/title>\n<meta name=\"description\" content=\"Our Isigny Butter was awarded the Protected Designation of Origin label in 1986. This constitutes a guarantee of superior quality, a specific terroir and traditional production methods.\" \/>\n<meta name=\"robots\" content=\"index, follow, max-snippet:-1, max-image-preview:large, max-video-preview:-1\" \/>\n<link rel=\"canonical\" href=\"https:\/\/www.isigny-ste-mere.com\/en\/chefs-and-bakers\/beurre-disigny-a-o-p\/\" \/>\n<meta property=\"og:locale\" content=\"en_US\" \/>\n<meta property=\"og:type\" content=\"article\" \/>\n<meta property=\"og:title\" content=\"PDO ISIGNY BUTTER\" \/>\n<meta property=\"og:description\" content=\"Our Isigny Butter was awarded the Protected Designation of Origin label in 1986. This constitutes a guarantee of superior quality, a specific terroir and traditional production methods.\" \/>\n<meta property=\"og:url\" content=\"https:\/\/www.isigny-ste-mere.com\/en\/chefs-and-bakers\/beurre-disigny-a-o-p\/\" \/>\n<meta property=\"og:site_name\" content=\"Isigny Sainte-M\u00e8re\" \/>\n<meta property=\"article:publisher\" content=\"https:\/\/www.facebook.com\/Cooperative.Isigny.Ste.Mere\" \/>\n<meta property=\"article:modified_time\" content=\"2026-01-02T10:42:43+00:00\" \/>\n<meta property=\"og:image\" content=\"https:\/\/www.isigny-ste-mere.com\/wp-content\/uploads\/2023\/07\/isigny-ste-mere-beurre-texture-scaled.jpg\" \/>\n\t<meta property=\"og:image:width\" content=\"1900\" \/>\n\t<meta property=\"og:image:height\" content=\"1267\" \/>\n\t<meta property=\"og:image:type\" content=\"image\/jpeg\" \/>\n<script type=\"application\/ld+json\" class=\"yoast-schema-graph\">{\"@context\":\"https:\/\/schema.org\",\"@graph\":[{\"@type\":\"WebPage\",\"@id\":\"https:\/\/www.isigny-ste-mere.com\/en\/chefs-and-bakers\/beurre-disigny-a-o-p\/\",\"url\":\"https:\/\/www.isigny-ste-mere.com\/en\/chefs-and-bakers\/beurre-disigny-a-o-p\/\",\"name\":\"PDO Isigny Butter\",\"isPartOf\":{\"@id\":\"https:\/\/www.isigny-ste-mere.com\/en\/#website\"},\"primaryImageOfPage\":{\"@id\":\"https:\/\/www.isigny-ste-mere.com\/en\/chefs-and-bakers\/beurre-disigny-a-o-p\/#primaryimage\"},\"image\":{\"@id\":\"https:\/\/www.isigny-ste-mere.com\/en\/chefs-and-bakers\/beurre-disigny-a-o-p\/#primaryimage\"},\"thumbnailUrl\":\"https:\/\/www.isigny-ste-mere.com\/wp-content\/uploads\/2023\/07\/isigny-ste-mere-beurre-texture-scaled.jpg\",\"datePublished\":\"2023-06-21T08:23:30+00:00\",\"dateModified\":\"2026-01-02T10:42:43+00:00\",\"description\":\"Our Isigny Butter was awarded the Protected Designation of Origin label in 1986. This constitutes a guarantee of superior quality, a specific terroir and traditional production methods.\",\"breadcrumb\":{\"@id\":\"https:\/\/www.isigny-ste-mere.com\/en\/chefs-and-bakers\/beurre-disigny-a-o-p\/#breadcrumb\"},\"inLanguage\":\"en-US\",\"potentialAction\":[{\"@type\":\"ReadAction\",\"target\":[\"https:\/\/www.isigny-ste-mere.com\/en\/chefs-and-bakers\/beurre-disigny-a-o-p\/\"]}]},{\"@type\":\"ImageObject\",\"inLanguage\":\"en-US\",\"@id\":\"https:\/\/www.isigny-ste-mere.com\/en\/chefs-and-bakers\/beurre-disigny-a-o-p\/#primaryimage\",\"url\":\"https:\/\/www.isigny-ste-mere.com\/wp-content\/uploads\/2023\/07\/isigny-ste-mere-beurre-texture-scaled.jpg\",\"contentUrl\":\"https:\/\/www.isigny-ste-mere.com\/wp-content\/uploads\/2023\/07\/isigny-ste-mere-beurre-texture-scaled.jpg\",\"width\":1900,\"height\":1267,\"caption\":\"Zoom sur la texture du beurre\"},{\"@type\":\"BreadcrumbList\",\"@id\":\"https:\/\/www.isigny-ste-mere.com\/en\/chefs-and-bakers\/beurre-disigny-a-o-p\/#breadcrumb\",\"itemListElement\":[{\"@type\":\"ListItem\",\"position\":1,\"name\":\"Chefs and bakers\",\"item\":\"https:\/\/www.isigny-ste-mere.com\/en\/chefs-and-bakers\/\"},{\"@type\":\"ListItem\",\"position\":2,\"name\":\"PDO ISIGNY BUTTER\"}]},{\"@type\":\"WebSite\",\"@id\":\"https:\/\/www.isigny-ste-mere.com\/en\/#website\",\"url\":\"https:\/\/www.isigny-ste-mere.com\/en\/\",\"name\":\"Coop\u00e9rative Isigny-Sainte-M\u00e8re\",\"description\":\"Bienvenue sur le site de la coop\u00e9rative Isigny-Sainte-M\u00e8re\",\"publisher\":{\"@id\":\"https:\/\/www.isigny-ste-mere.com\/en\/#organization\"},\"alternateName\":\"Isigny-Sainte-M\u00e8re\",\"potentialAction\":[{\"@type\":\"SearchAction\",\"target\":{\"@type\":\"EntryPoint\",\"urlTemplate\":\"https:\/\/www.isigny-ste-mere.com\/en\/?s={search_term_string}\"},\"query-input\":{\"@type\":\"PropertyValueSpecification\",\"valueRequired\":true,\"valueName\":\"search_term_string\"}}],\"inLanguage\":\"en-US\"},{\"@type\":\"Organization\",\"@id\":\"https:\/\/www.isigny-ste-mere.com\/en\/#organization\",\"name\":\"Isigny Sainte-M\u00e8re\",\"alternateName\":\"Isigny-Sainte-M\u00e8re\",\"url\":\"https:\/\/www.isigny-ste-mere.com\/en\/\",\"logo\":{\"@type\":\"ImageObject\",\"inLanguage\":\"en-US\",\"@id\":\"https:\/\/www.isigny-ste-mere.com\/en\/#\/schema\/logo\/image\/\",\"url\":\"https:\/\/www.isigny-ste-mere.com\/wp-content\/uploads\/2023\/01\/logo-isigny.svg\",\"contentUrl\":\"https:\/\/www.isigny-ste-mere.com\/wp-content\/uploads\/2023\/01\/logo-isigny.svg\",\"width\":254,\"height\":139,\"caption\":\"Isigny Sainte-M\u00e8re\"},\"image\":{\"@id\":\"https:\/\/www.isigny-ste-mere.com\/en\/#\/schema\/logo\/image\/\"},\"sameAs\":[\"https:\/\/www.facebook.com\/Cooperative.Isigny.Ste.Mere\",\"https:\/\/x.com\/isignystemere\",\"https:\/\/www.instagram.com\/isignystemere\/\",\"https:\/\/www.youtube.com\/user\/IsignySainteMere\"]}]}<\/script>\n<!-- \/ Yoast SEO Premium plugin. -->","yoast_head_json":{"title":"PDO Isigny Butter","description":"Our Isigny Butter was awarded the Protected Designation of Origin label in 1986. This constitutes a guarantee of superior quality, a specific terroir and traditional production methods.","robots":{"index":"index","follow":"follow","max-snippet":"max-snippet:-1","max-image-preview":"max-image-preview:large","max-video-preview":"max-video-preview:-1"},"canonical":"https:\/\/www.isigny-ste-mere.com\/en\/chefs-and-bakers\/beurre-disigny-a-o-p\/","og_locale":"en_US","og_type":"article","og_title":"PDO ISIGNY BUTTER","og_description":"Our Isigny Butter was awarded the Protected Designation of Origin label in 1986. This constitutes a guarantee of superior quality, a specific terroir and traditional production methods.","og_url":"https:\/\/www.isigny-ste-mere.com\/en\/chefs-and-bakers\/beurre-disigny-a-o-p\/","og_site_name":"Isigny Sainte-M\u00e8re","article_publisher":"https:\/\/www.facebook.com\/Cooperative.Isigny.Ste.Mere","article_modified_time":"2026-01-02T10:42:43+00:00","og_image":[{"width":1900,"height":1267,"url":"https:\/\/www.isigny-ste-mere.com\/wp-content\/uploads\/2023\/07\/isigny-ste-mere-beurre-texture-scaled.jpg","type":"image\/jpeg"}],"schema":{"@context":"https:\/\/schema.org","@graph":[{"@type":"WebPage","@id":"https:\/\/www.isigny-ste-mere.com\/en\/chefs-and-bakers\/beurre-disigny-a-o-p\/","url":"https:\/\/www.isigny-ste-mere.com\/en\/chefs-and-bakers\/beurre-disigny-a-o-p\/","name":"PDO Isigny Butter","isPartOf":{"@id":"https:\/\/www.isigny-ste-mere.com\/en\/#website"},"primaryImageOfPage":{"@id":"https:\/\/www.isigny-ste-mere.com\/en\/chefs-and-bakers\/beurre-disigny-a-o-p\/#primaryimage"},"image":{"@id":"https:\/\/www.isigny-ste-mere.com\/en\/chefs-and-bakers\/beurre-disigny-a-o-p\/#primaryimage"},"thumbnailUrl":"https:\/\/www.isigny-ste-mere.com\/wp-content\/uploads\/2023\/07\/isigny-ste-mere-beurre-texture-scaled.jpg","datePublished":"2023-06-21T08:23:30+00:00","dateModified":"2026-01-02T10:42:43+00:00","description":"Our Isigny Butter was awarded the Protected Designation of Origin label in 1986. This constitutes a guarantee of superior quality, a specific terroir and traditional production methods.","breadcrumb":{"@id":"https:\/\/www.isigny-ste-mere.com\/en\/chefs-and-bakers\/beurre-disigny-a-o-p\/#breadcrumb"},"inLanguage":"en-US","potentialAction":[{"@type":"ReadAction","target":["https:\/\/www.isigny-ste-mere.com\/en\/chefs-and-bakers\/beurre-disigny-a-o-p\/"]}]},{"@type":"ImageObject","inLanguage":"en-US","@id":"https:\/\/www.isigny-ste-mere.com\/en\/chefs-and-bakers\/beurre-disigny-a-o-p\/#primaryimage","url":"https:\/\/www.isigny-ste-mere.com\/wp-content\/uploads\/2023\/07\/isigny-ste-mere-beurre-texture-scaled.jpg","contentUrl":"https:\/\/www.isigny-ste-mere.com\/wp-content\/uploads\/2023\/07\/isigny-ste-mere-beurre-texture-scaled.jpg","width":1900,"height":1267,"caption":"Zoom sur la texture du beurre"},{"@type":"BreadcrumbList","@id":"https:\/\/www.isigny-ste-mere.com\/en\/chefs-and-bakers\/beurre-disigny-a-o-p\/#breadcrumb","itemListElement":[{"@type":"ListItem","position":1,"name":"Chefs and bakers","item":"https:\/\/www.isigny-ste-mere.com\/en\/chefs-and-bakers\/"},{"@type":"ListItem","position":2,"name":"PDO ISIGNY BUTTER"}]},{"@type":"WebSite","@id":"https:\/\/www.isigny-ste-mere.com\/en\/#website","url":"https:\/\/www.isigny-ste-mere.com\/en\/","name":"Coop\u00e9rative Isigny-Sainte-M\u00e8re","description":"Bienvenue sur le site de la coop\u00e9rative Isigny-Sainte-M\u00e8re","publisher":{"@id":"https:\/\/www.isigny-ste-mere.com\/en\/#organization"},"alternateName":"Isigny-Sainte-M\u00e8re","potentialAction":[{"@type":"SearchAction","target":{"@type":"EntryPoint","urlTemplate":"https:\/\/www.isigny-ste-mere.com\/en\/?s={search_term_string}"},"query-input":{"@type":"PropertyValueSpecification","valueRequired":true,"valueName":"search_term_string"}}],"inLanguage":"en-US"},{"@type":"Organization","@id":"https:\/\/www.isigny-ste-mere.com\/en\/#organization","name":"Isigny Sainte-M\u00e8re","alternateName":"Isigny-Sainte-M\u00e8re","url":"https:\/\/www.isigny-ste-mere.com\/en\/","logo":{"@type":"ImageObject","inLanguage":"en-US","@id":"https:\/\/www.isigny-ste-mere.com\/en\/#\/schema\/logo\/image\/","url":"https:\/\/www.isigny-ste-mere.com\/wp-content\/uploads\/2023\/01\/logo-isigny.svg","contentUrl":"https:\/\/www.isigny-ste-mere.com\/wp-content\/uploads\/2023\/01\/logo-isigny.svg","width":254,"height":139,"caption":"Isigny Sainte-M\u00e8re"},"image":{"@id":"https:\/\/www.isigny-ste-mere.com\/en\/#\/schema\/logo\/image\/"},"sameAs":["https:\/\/www.facebook.com\/Cooperative.Isigny.Ste.Mere","https:\/\/x.com\/isignystemere","https:\/\/www.instagram.com\/isignystemere\/","https:\/\/www.youtube.com\/user\/IsignySainteMere"]}]}},"_links":{"self":[{"href":"https:\/\/www.isigny-ste-mere.com\/en\/wp-json\/wp\/v2\/pages\/5592","targetHints":{"allow":["GET"]}}],"collection":[{"href":"https:\/\/www.isigny-ste-mere.com\/en\/wp-json\/wp\/v2\/pages"}],"about":[{"href":"https:\/\/www.isigny-ste-mere.com\/en\/wp-json\/wp\/v2\/types\/page"}],"author":[{"embeddable":true,"href":"https:\/\/www.isigny-ste-mere.com\/en\/wp-json\/wp\/v2\/users\/2"}],"replies":[{"embeddable":true,"href":"https:\/\/www.isigny-ste-mere.com\/en\/wp-json\/wp\/v2\/comments?post=5592"}],"version-history":[{"count":9,"href":"https:\/\/www.isigny-ste-mere.com\/en\/wp-json\/wp\/v2\/pages\/5592\/revisions"}],"predecessor-version":[{"id":12336,"href":"https:\/\/www.isigny-ste-mere.com\/en\/wp-json\/wp\/v2\/pages\/5592\/revisions\/12336"}],"up":[{"embeddable":true,"href":"https:\/\/www.isigny-ste-mere.com\/en\/wp-json\/wp\/v2\/pages\/5587"}],"wp:featuredmedia":[{"embeddable":true,"href":"https:\/\/www.isigny-ste-mere.com\/en\/wp-json\/wp\/v2\/media\/6686"}],"wp:attachment":[{"href":"https:\/\/www.isigny-ste-mere.com\/en\/wp-json\/wp\/v2\/media?parent=5592"}],"curies":[{"name":"wp","href":"https:\/\/api.w.org\/{rel}","templated":true}]}}