{"id":5608,"date":"2023-06-21T10:25:31","date_gmt":"2023-06-21T08:25:31","guid":{"rendered":"https:\/\/www.isigny-ste-mere.com\/professionnels\/beurre-special-tourage\/"},"modified":"2025-07-31T16:54:43","modified_gmt":"2025-07-31T14:54:43","slug":"beurre-special-tourage","status":"publish","type":"page","link":"https:\/\/www.isigny-ste-mere.com\/en\/chefs-and-bakers\/beurre-special-tourage\/","title":{"rendered":"PUFF PASTRY BUTTER SHEET"},"content":{"rendered":"\n<p class=\"is-style-introduction\">Our puff pastry butter sheet is the format of choice for bakers, pastry chefs and top chefs the world over.<\/p>\n\n\n\n<div class=\"wp-block-columns alignwide is-layout-flex wp-container-core-columns-is-layout-9d6595d7 wp-block-columns-is-layout-flex\">\n<div class=\"wp-block-column is-layout-flow wp-block-column-is-layout-flow\">\n<p>They are also the star of our \u201cIsigny PDO Butter Best Croissant Competition\u201d, which is held every year in more than one hundred training centres across France, enabling us to pass on traditional butter-making know-how to the next generation.<\/p>\n\n\n\n<p>During this competition, organised with the AAINB (<a href=\"http:\/\/aainb.com\" target=\"_blank\" rel=\"noreferrer noopener\">National Association of Bakery Teachers<\/a>), dozens of apprentice pastry chefs from all over France put our PDO Isigny puff pastry butter sheet to the toughest test under the watchful eye of professionals and experts in the trade.<\/p>\n<\/div>\n\n\n\n<div class=\"wp-block-column is-layout-flow wp-block-column-is-layout-flow\">\n<figure class=\"wp-block-image aligncenter size-full is-resized\"><img loading=\"lazy\" decoding=\"async\" width=\"800\" height=\"1200\" src=\"https:\/\/www.isigny-ste-mere.com\/wp-content\/uploads\/2025\/07\/DSC_0949.png\" alt=\"Plaque de Beurre sp\u00e9cial tourage Isigny Sainte-M\u00e8re et croissants\" class=\"wp-image-11866\" style=\"width:403px;height:auto\" srcset=\"https:\/\/www.isigny-ste-mere.com\/wp-content\/uploads\/2025\/07\/DSC_0949.png 800w, https:\/\/www.isigny-ste-mere.com\/wp-content\/uploads\/2025\/07\/DSC_0949-200x300.png 200w, https:\/\/www.isigny-ste-mere.com\/wp-content\/uploads\/2025\/07\/DSC_0949-683x1024.png 683w, https:\/\/www.isigny-ste-mere.com\/wp-content\/uploads\/2025\/07\/DSC_0949-768x1152.png 768w, https:\/\/www.isigny-ste-mere.com\/wp-content\/uploads\/2025\/07\/DSC_0949-533x800.png 533w, https:\/\/www.isigny-ste-mere.com\/wp-content\/uploads\/2025\/07\/DSC_0949-133x200.png 133w, https:\/\/www.isigny-ste-mere.com\/wp-content\/uploads\/2025\/07\/DSC_0949-267x400.png 267w, https:\/\/www.isigny-ste-mere.com\/wp-content\/uploads\/2025\/07\/DSC_0949-400x600.png 400w\" sizes=\"auto, (max-width: 800px) 100vw, 800px\" \/><\/figure>\n<\/div>\n<\/div>\n\n\n\n<div class=\"wp-block-columns alignwide is-layout-flex wp-container-core-columns-is-layout-9d6595d7 wp-block-columns-is-layout-flex\">\n<div class=\"wp-block-column is-layout-flow wp-block-column-is-layout-flow\">\n<figure class=\"wp-block-image size-full\"><img loading=\"lazy\" decoding=\"async\" width=\"900\" height=\"900\" src=\"https:\/\/www.isigny-ste-mere.com\/wp-content\/uploads\/2023\/06\/isigny-ste-mere-9x9-002.jpg\" alt=\"\" class=\"wp-image-3845\" srcset=\"https:\/\/www.isigny-ste-mere.com\/wp-content\/uploads\/2023\/06\/isigny-ste-mere-9x9-002.jpg 900w, https:\/\/www.isigny-ste-mere.com\/wp-content\/uploads\/2023\/06\/isigny-ste-mere-9x9-002-300x300.jpg 300w, https:\/\/www.isigny-ste-mere.com\/wp-content\/uploads\/2023\/06\/isigny-ste-mere-9x9-002-150x150.jpg 150w, https:\/\/www.isigny-ste-mere.com\/wp-content\/uploads\/2023\/06\/isigny-ste-mere-9x9-002-768x768.jpg 768w, https:\/\/www.isigny-ste-mere.com\/wp-content\/uploads\/2023\/06\/isigny-ste-mere-9x9-002-800x800.jpg 800w, https:\/\/www.isigny-ste-mere.com\/wp-content\/uploads\/2023\/06\/isigny-ste-mere-9x9-002-200x200.jpg 200w, https:\/\/www.isigny-ste-mere.com\/wp-content\/uploads\/2023\/06\/isigny-ste-mere-9x9-002-400x400.jpg 400w\" sizes=\"auto, (max-width: 900px) 100vw, 900px\" \/><\/figure>\n<\/div>\n\n\n\n<div class=\"wp-block-column is-layout-flow wp-block-column-is-layout-flow\">\n<p>Our puff pastry butter sheet is specifically designed for making pastries and flaky and puff pastry.<\/p>\n\n\n\n<p>It is soft and very malleable, which is essential for making an airy flaky pastry. It gives pastries a subtle, inimitable taste with the fine aroma of fresh Butter.<\/p>\n\n\n\n<p>The buttercup colour gives pastries a golden warm, authentic appearance.<\/p>\n<\/div>\n<\/div>\n\n\n\n<div class=\"wp-block-columns alignwide is-layout-flex wp-container-core-columns-is-layout-9d6595d7 wp-block-columns-is-layout-flex\">\n<div class=\"wp-block-column is-layout-flow wp-block-column-is-layout-flow\">\n<p>The puff pastry butter sheet is ideal for rolling out doughs, as the texture is identical to that of the dough\/pastry.<\/p>\n\n\n\n<p>This ensures uniformity and the required airiness and flakiness in the finished product.<\/p>\n\n\n\n<p>The Butter is not brittle or crumbly. It has a high melting point, which means it can be used correctly in both summer and winter.<\/p>\n\n\n\n<p>Its \u201cslab\u201d format makes it easy to incorporate the Butter into the dough without tearing, thanks to its texture, malleability and homogeneity. You will be able to roll out the Butter evenly and let your imagination run free to create delicious pastries and flaky or puff pastry.<\/p>\n<\/div>\n\n\n\n<div class=\"wp-block-column is-layout-flow wp-block-column-is-layout-flow\">\n<figure class=\"wp-block-image size-full\"><img loading=\"lazy\" decoding=\"async\" width=\"900\" height=\"900\" src=\"https:\/\/www.isigny-ste-mere.com\/wp-content\/uploads\/2023\/06\/isigny-ste-mere-9x9-001-2.jpg\" alt=\"\" class=\"wp-image-3868\" srcset=\"https:\/\/www.isigny-ste-mere.com\/wp-content\/uploads\/2023\/06\/isigny-ste-mere-9x9-001-2.jpg 900w, https:\/\/www.isigny-ste-mere.com\/wp-content\/uploads\/2023\/06\/isigny-ste-mere-9x9-001-2-300x300.jpg 300w, https:\/\/www.isigny-ste-mere.com\/wp-content\/uploads\/2023\/06\/isigny-ste-mere-9x9-001-2-150x150.jpg 150w, https:\/\/www.isigny-ste-mere.com\/wp-content\/uploads\/2023\/06\/isigny-ste-mere-9x9-001-2-768x768.jpg 768w, https:\/\/www.isigny-ste-mere.com\/wp-content\/uploads\/2023\/06\/isigny-ste-mere-9x9-001-2-800x800.jpg 800w, https:\/\/www.isigny-ste-mere.com\/wp-content\/uploads\/2023\/06\/isigny-ste-mere-9x9-001-2-200x200.jpg 200w, https:\/\/www.isigny-ste-mere.com\/wp-content\/uploads\/2023\/06\/isigny-ste-mere-9x9-001-2-400x400.jpg 400w\" sizes=\"auto, (max-width: 900px) 100vw, 900px\" \/><\/figure>\n<\/div>\n<\/div>\n\n\n    <div  class=\"bloc-instructions\">\n        <div class=\"bloc-instructions__container\">\n            <div class=\"bloc-instructions__container-img\">\n                <div class=\"bloc-instructions__img\"><\/div>\n            <\/div>\n            <div class=\"bloc-instructions__text\">\n                <p>We have developed a communication kit for bakers and pastry makers who use our Butter sheets. The kit helps them promote the use of authentic AOP Isigny puff pastry butter sheet in their pastries to customers. The key to that inimitable taste and crispness!<\/p>\n            <\/div>\n        <\/div>\n    <\/div>\n\n\n\n<h2 class=\"wp-block-heading\" id=\"h-isigny-pdo-puff-pastry-butter-sheet-can-be-used-to-make\"><strong>Isigny PDO puff pastry butter sheet can be used to make:<\/strong><\/h2>\n\n\n\n<p>Croissants, pastries, flaky and puff pastry, Galettes des Rois cakes, Palmiers biscuits, etc.<\/p>\n\n\n\n<figure class=\"wp-block-embed is-type-video is-provider-youtube wp-block-embed-youtube wp-embed-aspect-16-9 wp-has-aspect-ratio\"><div class=\"wp-block-embed__wrapper\">\n<iframe loading=\"lazy\" title=\"New York : Les croissants colore\u0301s de Supermoon Bakehouse !\" width=\"500\" height=\"281\" src=\"https:\/\/www.youtube.com\/embed\/aT8ugLGXJfc?feature=oembed\" frameborder=\"0\" allow=\"accelerometer; autoplay; clipboard-write; encrypted-media; gyroscope; picture-in-picture; web-share\" referrerpolicy=\"strict-origin-when-cross-origin\" allowfullscreen><\/iframe>\n<\/div><\/figure>\n\n\n\n<h2 class=\"wp-block-heading\" id=\"h-available-formats-and-packs\"><strong>Available formats and packs:<\/strong><\/h2>\n\n\n\n<ul class=\"wp-block-list\">\n<li>1 kg sheet of butter<\/li>\n\n\n\n<li>PDO or Organic Butter<\/li>\n\n\n\n<li>10 kg cube of butter<\/li>\n<\/ul>\n\n\n\n<div class=\"wp-block-buttons is-layout-flex wp-block-buttons-is-layout-flex\">\n<div class=\"wp-block-button\"><a class=\"wp-block-button__link wp-element-button\" href=\"https:\/\/www.isigny-ste-mere.com\/en\/products\/our-butters\/our-pastrymaking-butters\/\">To find out more<\/a><\/div>\n<\/div>\n","protected":false},"excerpt":{"rendered":"<p>Our puff pastry butter sheet is the format of choice for bakers, pastry chefs and [&hellip;]<\/p>\n","protected":false},"author":2,"featured_media":5057,"parent":5587,"menu_order":20,"comment_status":"closed","ping_status":"closed","template":"","meta":{"_acf_changed":false,"footnotes":""},"class_list":["post-5608","page","type-page","status-publish","has-post-thumbnail","hentry"],"acf":[],"yoast_head":"<!-- This site is optimized with the Yoast SEO Premium plugin v25.3.1 (Yoast SEO v26.5) - https:\/\/yoast.com\/wordpress\/plugins\/seo\/ -->\n<title>Puff Pastry Butter Sheet - Isigny Sainte-M\u00e8re<\/title>\n<meta name=\"description\" content=\"Our puff pastry butter sheet is the format of choice for bakers, pastry chefs and top chefs the world over.\" \/>\n<meta name=\"robots\" content=\"index, follow, max-snippet:-1, max-image-preview:large, max-video-preview:-1\" \/>\n<link rel=\"canonical\" href=\"https:\/\/www.isigny-ste-mere.com\/en\/chefs-and-bakers\/beurre-special-tourage\/\" \/>\n<meta property=\"og:locale\" content=\"en_US\" \/>\n<meta property=\"og:type\" content=\"article\" \/>\n<meta property=\"og:title\" content=\"PUFF PASTRY BUTTER SHEET\" \/>\n<meta property=\"og:description\" content=\"Our puff pastry butter sheet is the format of choice for bakers, pastry chefs and top chefs the world over.\" \/>\n<meta property=\"og:url\" content=\"https:\/\/www.isigny-ste-mere.com\/en\/chefs-and-bakers\/beurre-special-tourage\/\" \/>\n<meta property=\"og:site_name\" content=\"Isigny Sainte-M\u00e8re\" \/>\n<meta property=\"article:publisher\" content=\"https:\/\/www.facebook.com\/Cooperative.Isigny.Ste.Mere\" \/>\n<meta property=\"article:modified_time\" content=\"2025-07-31T14:54:43+00:00\" \/>\n<meta property=\"og:image\" content=\"https:\/\/www.isigny-ste-mere.com\/wp-content\/uploads\/2023\/06\/isigny-ste-mere-Geraldine-Martens-pate.jpg\" \/>\n\t<meta property=\"og:image:width\" content=\"1200\" \/>\n\t<meta property=\"og:image:height\" content=\"1800\" \/>\n\t<meta property=\"og:image:type\" content=\"image\/jpeg\" \/>\n<script type=\"application\/ld+json\" class=\"yoast-schema-graph\">{\"@context\":\"https:\/\/schema.org\",\"@graph\":[{\"@type\":\"WebPage\",\"@id\":\"https:\/\/www.isigny-ste-mere.com\/en\/chefs-and-bakers\/beurre-special-tourage\/\",\"url\":\"https:\/\/www.isigny-ste-mere.com\/en\/chefs-and-bakers\/beurre-special-tourage\/\",\"name\":\"Puff Pastry Butter Sheet - Isigny Sainte-M\u00e8re\",\"isPartOf\":{\"@id\":\"https:\/\/www.isigny-ste-mere.com\/en\/#website\"},\"primaryImageOfPage\":{\"@id\":\"https:\/\/www.isigny-ste-mere.com\/en\/chefs-and-bakers\/beurre-special-tourage\/#primaryimage\"},\"image\":{\"@id\":\"https:\/\/www.isigny-ste-mere.com\/en\/chefs-and-bakers\/beurre-special-tourage\/#primaryimage\"},\"thumbnailUrl\":\"https:\/\/www.isigny-ste-mere.com\/wp-content\/uploads\/2023\/06\/isigny-ste-mere-Geraldine-Martens-pate.jpg\",\"datePublished\":\"2023-06-21T08:25:31+00:00\",\"dateModified\":\"2025-07-31T14:54:43+00:00\",\"description\":\"Our puff pastry butter sheet is the format of choice for bakers, pastry chefs and top chefs the world over.\",\"breadcrumb\":{\"@id\":\"https:\/\/www.isigny-ste-mere.com\/en\/chefs-and-bakers\/beurre-special-tourage\/#breadcrumb\"},\"inLanguage\":\"en-US\",\"potentialAction\":[{\"@type\":\"ReadAction\",\"target\":[\"https:\/\/www.isigny-ste-mere.com\/en\/chefs-and-bakers\/beurre-special-tourage\/\"]}]},{\"@type\":\"ImageObject\",\"inLanguage\":\"en-US\",\"@id\":\"https:\/\/www.isigny-ste-mere.com\/en\/chefs-and-bakers\/beurre-special-tourage\/#primaryimage\",\"url\":\"https:\/\/www.isigny-ste-mere.com\/wp-content\/uploads\/2023\/06\/isigny-ste-mere-Geraldine-Martens-pate.jpg\",\"contentUrl\":\"https:\/\/www.isigny-ste-mere.com\/wp-content\/uploads\/2023\/06\/isigny-ste-mere-Geraldine-Martens-pate.jpg\",\"width\":1200,\"height\":1800},{\"@type\":\"BreadcrumbList\",\"@id\":\"https:\/\/www.isigny-ste-mere.com\/en\/chefs-and-bakers\/beurre-special-tourage\/#breadcrumb\",\"itemListElement\":[{\"@type\":\"ListItem\",\"position\":1,\"name\":\"Chefs and bakers\",\"item\":\"https:\/\/www.isigny-ste-mere.com\/en\/chefs-and-bakers\/\"},{\"@type\":\"ListItem\",\"position\":2,\"name\":\"PUFF PASTRY BUTTER SHEET\"}]},{\"@type\":\"WebSite\",\"@id\":\"https:\/\/www.isigny-ste-mere.com\/en\/#website\",\"url\":\"https:\/\/www.isigny-ste-mere.com\/en\/\",\"name\":\"Coop\u00e9rative Isigny-Sainte-M\u00e8re\",\"description\":\"Bienvenue sur le site de la coop\u00e9rative Isigny-Sainte-M\u00e8re\",\"publisher\":{\"@id\":\"https:\/\/www.isigny-ste-mere.com\/en\/#organization\"},\"alternateName\":\"Isigny-Sainte-M\u00e8re\",\"potentialAction\":[{\"@type\":\"SearchAction\",\"target\":{\"@type\":\"EntryPoint\",\"urlTemplate\":\"https:\/\/www.isigny-ste-mere.com\/en\/?s={search_term_string}\"},\"query-input\":{\"@type\":\"PropertyValueSpecification\",\"valueRequired\":true,\"valueName\":\"search_term_string\"}}],\"inLanguage\":\"en-US\"},{\"@type\":\"Organization\",\"@id\":\"https:\/\/www.isigny-ste-mere.com\/en\/#organization\",\"name\":\"Isigny Sainte-M\u00e8re\",\"alternateName\":\"Isigny-Sainte-M\u00e8re\",\"url\":\"https:\/\/www.isigny-ste-mere.com\/en\/\",\"logo\":{\"@type\":\"ImageObject\",\"inLanguage\":\"en-US\",\"@id\":\"https:\/\/www.isigny-ste-mere.com\/en\/#\/schema\/logo\/image\/\",\"url\":\"https:\/\/www.isigny-ste-mere.com\/wp-content\/uploads\/2023\/01\/logo-isigny.svg\",\"contentUrl\":\"https:\/\/www.isigny-ste-mere.com\/wp-content\/uploads\/2023\/01\/logo-isigny.svg\",\"width\":254,\"height\":139,\"caption\":\"Isigny Sainte-M\u00e8re\"},\"image\":{\"@id\":\"https:\/\/www.isigny-ste-mere.com\/en\/#\/schema\/logo\/image\/\"},\"sameAs\":[\"https:\/\/www.facebook.com\/Cooperative.Isigny.Ste.Mere\",\"https:\/\/x.com\/isignystemere\",\"https:\/\/www.instagram.com\/isignystemere\/\",\"https:\/\/www.youtube.com\/user\/IsignySainteMere\"]}]}<\/script>\n<!-- \/ Yoast SEO Premium plugin. -->","yoast_head_json":{"title":"Puff Pastry Butter Sheet - Isigny Sainte-M\u00e8re","description":"Our puff pastry butter sheet is the format of choice for bakers, pastry chefs and top chefs the world over.","robots":{"index":"index","follow":"follow","max-snippet":"max-snippet:-1","max-image-preview":"max-image-preview:large","max-video-preview":"max-video-preview:-1"},"canonical":"https:\/\/www.isigny-ste-mere.com\/en\/chefs-and-bakers\/beurre-special-tourage\/","og_locale":"en_US","og_type":"article","og_title":"PUFF PASTRY BUTTER SHEET","og_description":"Our puff pastry butter sheet is the format of choice for bakers, pastry chefs and top chefs the world over.","og_url":"https:\/\/www.isigny-ste-mere.com\/en\/chefs-and-bakers\/beurre-special-tourage\/","og_site_name":"Isigny Sainte-M\u00e8re","article_publisher":"https:\/\/www.facebook.com\/Cooperative.Isigny.Ste.Mere","article_modified_time":"2025-07-31T14:54:43+00:00","og_image":[{"width":1200,"height":1800,"url":"https:\/\/www.isigny-ste-mere.com\/wp-content\/uploads\/2023\/06\/isigny-ste-mere-Geraldine-Martens-pate.jpg","type":"image\/jpeg"}],"schema":{"@context":"https:\/\/schema.org","@graph":[{"@type":"WebPage","@id":"https:\/\/www.isigny-ste-mere.com\/en\/chefs-and-bakers\/beurre-special-tourage\/","url":"https:\/\/www.isigny-ste-mere.com\/en\/chefs-and-bakers\/beurre-special-tourage\/","name":"Puff Pastry Butter Sheet - Isigny Sainte-M\u00e8re","isPartOf":{"@id":"https:\/\/www.isigny-ste-mere.com\/en\/#website"},"primaryImageOfPage":{"@id":"https:\/\/www.isigny-ste-mere.com\/en\/chefs-and-bakers\/beurre-special-tourage\/#primaryimage"},"image":{"@id":"https:\/\/www.isigny-ste-mere.com\/en\/chefs-and-bakers\/beurre-special-tourage\/#primaryimage"},"thumbnailUrl":"https:\/\/www.isigny-ste-mere.com\/wp-content\/uploads\/2023\/06\/isigny-ste-mere-Geraldine-Martens-pate.jpg","datePublished":"2023-06-21T08:25:31+00:00","dateModified":"2025-07-31T14:54:43+00:00","description":"Our puff pastry butter sheet is the format of choice for bakers, pastry chefs and top chefs the world over.","breadcrumb":{"@id":"https:\/\/www.isigny-ste-mere.com\/en\/chefs-and-bakers\/beurre-special-tourage\/#breadcrumb"},"inLanguage":"en-US","potentialAction":[{"@type":"ReadAction","target":["https:\/\/www.isigny-ste-mere.com\/en\/chefs-and-bakers\/beurre-special-tourage\/"]}]},{"@type":"ImageObject","inLanguage":"en-US","@id":"https:\/\/www.isigny-ste-mere.com\/en\/chefs-and-bakers\/beurre-special-tourage\/#primaryimage","url":"https:\/\/www.isigny-ste-mere.com\/wp-content\/uploads\/2023\/06\/isigny-ste-mere-Geraldine-Martens-pate.jpg","contentUrl":"https:\/\/www.isigny-ste-mere.com\/wp-content\/uploads\/2023\/06\/isigny-ste-mere-Geraldine-Martens-pate.jpg","width":1200,"height":1800},{"@type":"BreadcrumbList","@id":"https:\/\/www.isigny-ste-mere.com\/en\/chefs-and-bakers\/beurre-special-tourage\/#breadcrumb","itemListElement":[{"@type":"ListItem","position":1,"name":"Chefs and bakers","item":"https:\/\/www.isigny-ste-mere.com\/en\/chefs-and-bakers\/"},{"@type":"ListItem","position":2,"name":"PUFF PASTRY BUTTER SHEET"}]},{"@type":"WebSite","@id":"https:\/\/www.isigny-ste-mere.com\/en\/#website","url":"https:\/\/www.isigny-ste-mere.com\/en\/","name":"Coop\u00e9rative Isigny-Sainte-M\u00e8re","description":"Bienvenue sur le site de la coop\u00e9rative Isigny-Sainte-M\u00e8re","publisher":{"@id":"https:\/\/www.isigny-ste-mere.com\/en\/#organization"},"alternateName":"Isigny-Sainte-M\u00e8re","potentialAction":[{"@type":"SearchAction","target":{"@type":"EntryPoint","urlTemplate":"https:\/\/www.isigny-ste-mere.com\/en\/?s={search_term_string}"},"query-input":{"@type":"PropertyValueSpecification","valueRequired":true,"valueName":"search_term_string"}}],"inLanguage":"en-US"},{"@type":"Organization","@id":"https:\/\/www.isigny-ste-mere.com\/en\/#organization","name":"Isigny Sainte-M\u00e8re","alternateName":"Isigny-Sainte-M\u00e8re","url":"https:\/\/www.isigny-ste-mere.com\/en\/","logo":{"@type":"ImageObject","inLanguage":"en-US","@id":"https:\/\/www.isigny-ste-mere.com\/en\/#\/schema\/logo\/image\/","url":"https:\/\/www.isigny-ste-mere.com\/wp-content\/uploads\/2023\/01\/logo-isigny.svg","contentUrl":"https:\/\/www.isigny-ste-mere.com\/wp-content\/uploads\/2023\/01\/logo-isigny.svg","width":254,"height":139,"caption":"Isigny Sainte-M\u00e8re"},"image":{"@id":"https:\/\/www.isigny-ste-mere.com\/en\/#\/schema\/logo\/image\/"},"sameAs":["https:\/\/www.facebook.com\/Cooperative.Isigny.Ste.Mere","https:\/\/x.com\/isignystemere","https:\/\/www.instagram.com\/isignystemere\/","https:\/\/www.youtube.com\/user\/IsignySainteMere"]}]}},"_links":{"self":[{"href":"https:\/\/www.isigny-ste-mere.com\/en\/wp-json\/wp\/v2\/pages\/5608","targetHints":{"allow":["GET"]}}],"collection":[{"href":"https:\/\/www.isigny-ste-mere.com\/en\/wp-json\/wp\/v2\/pages"}],"about":[{"href":"https:\/\/www.isigny-ste-mere.com\/en\/wp-json\/wp\/v2\/types\/page"}],"author":[{"embeddable":true,"href":"https:\/\/www.isigny-ste-mere.com\/en\/wp-json\/wp\/v2\/users\/2"}],"replies":[{"embeddable":true,"href":"https:\/\/www.isigny-ste-mere.com\/en\/wp-json\/wp\/v2\/comments?post=5608"}],"version-history":[{"count":9,"href":"https:\/\/www.isigny-ste-mere.com\/en\/wp-json\/wp\/v2\/pages\/5608\/revisions"}],"predecessor-version":[{"id":11868,"href":"https:\/\/www.isigny-ste-mere.com\/en\/wp-json\/wp\/v2\/pages\/5608\/revisions\/11868"}],"up":[{"embeddable":true,"href":"https:\/\/www.isigny-ste-mere.com\/en\/wp-json\/wp\/v2\/pages\/5587"}],"wp:featuredmedia":[{"embeddable":true,"href":"https:\/\/www.isigny-ste-mere.com\/en\/wp-json\/wp\/v2\/media\/5057"}],"wp:attachment":[{"href":"https:\/\/www.isigny-ste-mere.com\/en\/wp-json\/wp\/v2\/media?parent=5608"}],"curies":[{"name":"wp","href":"https:\/\/api.w.org\/{rel}","templated":true}]}}