{"id":5614,"date":"2023-06-21T13:08:26","date_gmt":"2023-06-21T11:08:26","guid":{"rendered":"https:\/\/www.isigny-ste-mere.com\/professionnels\/creme-disigny-a-o-p\/"},"modified":"2025-07-31T16:45:47","modified_gmt":"2025-07-31T14:45:47","slug":"creme-disigny-a-o-p","status":"publish","type":"page","link":"https:\/\/www.isigny-ste-mere.com\/en\/chefs-and-bakers\/creme-disigny-a-o-p\/","title":{"rendered":"PDO ISIGNY CREAM"},"content":{"rendered":"\n<p class=\"is-style-introduction\">Our Isigny Cream was awarded the Protected Designation of Origin label in 1986, a guarantee of superior quality, a preserved terroir and traditional production methods. It is one of the few French creams to have been granted a PDO!<\/p>\n\n\n\n<div class=\"wp-block-columns is-not-stacked-on-mobile is-layout-flex wp-container-core-columns-is-layout-9d6595d7 wp-block-columns-is-layout-flex\">\n<div class=\"wp-block-column is-vertically-aligned-center is-layout-flow wp-block-column-is-layout-flow\">\n<figure class=\"wp-block-image aligncenter size-full is-resized\"><img loading=\"lazy\" decoding=\"async\" width=\"591\" height=\"591\" src=\"https:\/\/www.isigny-ste-mere.com\/wp-content\/uploads\/2023\/06\/creme-aop-isigny.png\" alt=\"\" class=\"wp-image-5037\" style=\"width:148px;height:148px\" srcset=\"https:\/\/www.isigny-ste-mere.com\/wp-content\/uploads\/2023\/06\/creme-aop-isigny.png 591w, https:\/\/www.isigny-ste-mere.com\/wp-content\/uploads\/2023\/06\/creme-aop-isigny-300x300.png 300w, https:\/\/www.isigny-ste-mere.com\/wp-content\/uploads\/2023\/06\/creme-aop-isigny-150x150.png 150w, https:\/\/www.isigny-ste-mere.com\/wp-content\/uploads\/2023\/06\/creme-aop-isigny-200x200.png 200w, https:\/\/www.isigny-ste-mere.com\/wp-content\/uploads\/2023\/06\/creme-aop-isigny-400x400.png 400w\" sizes=\"auto, (max-width: 591px) 100vw, 591px\" \/><\/figure>\n<\/div>\n\n\n\n<div class=\"wp-block-column is-vertically-aligned-center is-layout-flow wp-block-column-is-layout-flow\">\n<figure class=\"wp-block-image aligncenter size-full is-resized\"><img loading=\"lazy\" decoding=\"async\" width=\"591\" height=\"591\" src=\"https:\/\/www.isigny-ste-mere.com\/wp-content\/uploads\/2023\/06\/aop-isigny.png\" alt=\"\" class=\"wp-image-4968\" style=\"width:148px;height:148px\" srcset=\"https:\/\/www.isigny-ste-mere.com\/wp-content\/uploads\/2023\/06\/aop-isigny.png 591w, https:\/\/www.isigny-ste-mere.com\/wp-content\/uploads\/2023\/06\/aop-isigny-300x300.png 300w, https:\/\/www.isigny-ste-mere.com\/wp-content\/uploads\/2023\/06\/aop-isigny-150x150.png 150w, https:\/\/www.isigny-ste-mere.com\/wp-content\/uploads\/2023\/06\/aop-isigny-200x200.png 200w, https:\/\/www.isigny-ste-mere.com\/wp-content\/uploads\/2023\/06\/aop-isigny-400x400.png 400w\" sizes=\"auto, (max-width: 591px) 100vw, 591px\" \/><\/figure>\n<\/div>\n<\/div>\n\n\n\n<div class=\"wp-block-columns alignwide is-layout-flex wp-container-core-columns-is-layout-9d6595d7 wp-block-columns-is-layout-flex\">\n<div class=\"wp-block-column is-style-two-columns is-layout-flow wp-block-column-is-layout-flow\">\n<p>It is produced by skimming the best milk from our Normande cows, which is then organically matured the old-fashioned way (from 16 hours to 18 hours), allowing it to develop a very particular range of aromas. This is an important and delicate stage. For the magic to work, the spell requires know-how, respect for the product, but also expertise gathered over centuries of practice.<\/p>\n\n\n\n<p>PDO Isigny Cream is a refined cream, described by some as \u201cextraordinary\u201d. It has an ivory or pale yellow colour, characteristic of the rich pastures, along with a firm, creamy texture. Delicate and full-bodied, it has a real creamy taste. It is one of the few creams to contain 40% fat, giving it a dense, smooth texture.<\/p>\n<\/div>\n<\/div>\n\n\n    <div  class=\"bloc-instructions\">\n        <div class=\"bloc-instructions__container\">\n            <div class=\"bloc-instructions__container-img\">\n                <div class=\"bloc-instructions__img\"><\/div>\n            <\/div>\n            <div class=\"bloc-instructions__text\">\n                <p>It can be melted, whipped, mixed, used as a topping and more.<\/p>\n            <\/div>\n        <\/div>\n    <\/div>\n\n\n\n<div class=\"wp-block-columns alignwide is-layout-flex wp-container-core-columns-is-layout-9d6595d7 wp-block-columns-is-layout-flex\">\n<div class=\"wp-block-column is-layout-flow wp-block-column-is-layout-flow\">\n<h2 class=\"wp-block-heading\"><strong>Our Isigny PDO Cream will elevate your culinary preparations and recipes.<\/strong><\/h2>\n\n\n\n<ul class=\"wp-block-list\">\n<li>It is available with different fat contents: 35% fat, 40% fat.<\/li>\n\n\n\n<li>It can be used hot or cold.<\/li>\n\n\n\n<li>It has a creamy texture that withstands cooking well. It can be used to make sauces and accompany fish or meat dishes.<\/li>\n\n\n\n<li>In chocolate making, it adds shine and finesse to enhance your ganaches or can be used to garnish your chocolates.<\/li>\n\n\n\n<li>For artisan ice-cream makers, our Cream provides good fat content and gives a genuine creamy appearance. The product is smooth and holds up well on the palate, releasing its creamy flavours. It is perfectly suited to making elaborate ice creams.<\/li>\n\n\n\n<li>At bars, our Cream can be used to make creative cocktails.<\/li>\n<\/ul>\n<\/div>\n\n\n\n<div class=\"wp-block-column is-layout-flow wp-block-column-is-layout-flow\">\n<figure class=\"wp-block-image size-large\"><img loading=\"lazy\" decoding=\"async\" width=\"682\" height=\"1024\" src=\"https:\/\/www.isigny-ste-mere.com\/wp-content\/uploads\/2023\/06\/isigny-ste-mere-SA0057-risotto-jambon-creme-682x1024.jpg\" alt=\"\" class=\"wp-image-5494\" srcset=\"https:\/\/www.isigny-ste-mere.com\/wp-content\/uploads\/2023\/06\/isigny-ste-mere-SA0057-risotto-jambon-creme-682x1024.jpg 682w, https:\/\/www.isigny-ste-mere.com\/wp-content\/uploads\/2023\/06\/isigny-ste-mere-SA0057-risotto-jambon-creme-200x300.jpg 200w, https:\/\/www.isigny-ste-mere.com\/wp-content\/uploads\/2023\/06\/isigny-ste-mere-SA0057-risotto-jambon-creme-768x1153.jpg 768w, https:\/\/www.isigny-ste-mere.com\/wp-content\/uploads\/2023\/06\/isigny-ste-mere-SA0057-risotto-jambon-creme-1023x1536.jpg 1023w, https:\/\/www.isigny-ste-mere.com\/wp-content\/uploads\/2023\/06\/isigny-ste-mere-SA0057-risotto-jambon-creme-533x800.jpg 533w, https:\/\/www.isigny-ste-mere.com\/wp-content\/uploads\/2023\/06\/isigny-ste-mere-SA0057-risotto-jambon-creme-133x200.jpg 133w, https:\/\/www.isigny-ste-mere.com\/wp-content\/uploads\/2023\/06\/isigny-ste-mere-SA0057-risotto-jambon-creme-266x400.jpg 266w, https:\/\/www.isigny-ste-mere.com\/wp-content\/uploads\/2023\/06\/isigny-ste-mere-SA0057-risotto-jambon-creme.jpg 1200w\" sizes=\"auto, (max-width: 682px) 100vw, 682px\" \/><\/figure>\n<\/div>\n<\/div>\n\n\n\n<div class=\"wp-block-columns alignwide is-layout-flex wp-container-core-columns-is-layout-9d6595d7 wp-block-columns-is-layout-flex\">\n<div class=\"wp-block-column is-layout-flow wp-block-column-is-layout-flow\">\n<figure class=\"wp-block-image size-large\"><img loading=\"lazy\" decoding=\"async\" width=\"1024\" height=\"768\" src=\"https:\/\/www.isigny-ste-mere.com\/wp-content\/uploads\/2023\/06\/isigny-ste-mere-SA0115-verrines-kiwi-saumon-1024x768.jpg\" alt=\"\" class=\"wp-image-5503\" srcset=\"https:\/\/www.isigny-ste-mere.com\/wp-content\/uploads\/2023\/06\/isigny-ste-mere-SA0115-verrines-kiwi-saumon-1024x768.jpg 1024w, https:\/\/www.isigny-ste-mere.com\/wp-content\/uploads\/2023\/06\/isigny-ste-mere-SA0115-verrines-kiwi-saumon-300x225.jpg 300w, https:\/\/www.isigny-ste-mere.com\/wp-content\/uploads\/2023\/06\/isigny-ste-mere-SA0115-verrines-kiwi-saumon-768x576.jpg 768w, https:\/\/www.isigny-ste-mere.com\/wp-content\/uploads\/2023\/06\/isigny-ste-mere-SA0115-verrines-kiwi-saumon-1067x800.jpg 1067w, https:\/\/www.isigny-ste-mere.com\/wp-content\/uploads\/2023\/06\/isigny-ste-mere-SA0115-verrines-kiwi-saumon-267x200.jpg 267w, https:\/\/www.isigny-ste-mere.com\/wp-content\/uploads\/2023\/06\/isigny-ste-mere-SA0115-verrines-kiwi-saumon-400x300.jpg 400w, https:\/\/www.isigny-ste-mere.com\/wp-content\/uploads\/2023\/06\/isigny-ste-mere-SA0115-verrines-kiwi-saumon-200x150.jpg 200w, https:\/\/www.isigny-ste-mere.com\/wp-content\/uploads\/2023\/06\/isigny-ste-mere-SA0115-verrines-kiwi-saumon.jpg 1200w\" sizes=\"auto, (max-width: 1024px) 100vw, 1024px\" \/><\/figure>\n<\/div>\n\n\n\n<div class=\"wp-block-column is-layout-flow wp-block-column-is-layout-flow\">\n<h2 class=\"wp-block-heading\"><strong><strong>Our PDO Isigny Cream is available in a wide variety of formats for professionals:<\/strong><\/strong><\/h2>\n\n\n\n<ul class=\"wp-block-list\">\n<li>For all professionals, our PDO Isigny Cream is available in 1 to 5 litre packs for easy storage and preservation.<\/li>\n\n\n\n<li>In dairy shops and cheesemongers, our PDO Isigny Cream is available in traditional bowls to create an authentic shelf display. Empty 50 cl pots are supplied with the bowl for retail sale.<\/li>\n<\/ul>\n<\/div>\n<\/div>\n\n\n\n<div class=\"wp-block-columns alignwide is-layout-flex wp-container-core-columns-is-layout-9d6595d7 wp-block-columns-is-layout-flex\">\n<div class=\"wp-block-column is-layout-flow wp-block-column-is-layout-flow\">\n<h2 class=\"wp-block-heading\"><strong>Isigny PDO Cream can be used to make:<\/strong><\/h2>\n\n\n\n<p>Hot sauces, for quenelles on a tart, cold, flavoured to create a dip, in chocolate ganache, ice cream, caramel (to add creaminess) or infused. It can also serve as a tasty base for sandwiches, in a luxurious quiche and in G\u00e2che (Normandy brioche).<\/p>\n<\/div>\n\n\n\n<div class=\"wp-block-column is-layout-flow wp-block-column-is-layout-flow\">\n<figure class=\"wp-block-image size-large\"><img loading=\"lazy\" decoding=\"async\" width=\"1024\" height=\"768\" src=\"https:\/\/www.isigny-ste-mere.com\/wp-content\/uploads\/2023\/06\/isigny-ste-mere-SA0073-roule-herbace-colin-folquier-1024x768.jpg\" alt=\"\" class=\"wp-image-5497\" srcset=\"https:\/\/www.isigny-ste-mere.com\/wp-content\/uploads\/2023\/06\/isigny-ste-mere-SA0073-roule-herbace-colin-folquier-1024x768.jpg 1024w, https:\/\/www.isigny-ste-mere.com\/wp-content\/uploads\/2023\/06\/isigny-ste-mere-SA0073-roule-herbace-colin-folquier-300x225.jpg 300w, https:\/\/www.isigny-ste-mere.com\/wp-content\/uploads\/2023\/06\/isigny-ste-mere-SA0073-roule-herbace-colin-folquier-768x576.jpg 768w, https:\/\/www.isigny-ste-mere.com\/wp-content\/uploads\/2023\/06\/isigny-ste-mere-SA0073-roule-herbace-colin-folquier-1536x1151.jpg 1536w, https:\/\/www.isigny-ste-mere.com\/wp-content\/uploads\/2023\/06\/isigny-ste-mere-SA0073-roule-herbace-colin-folquier-1067x800.jpg 1067w, https:\/\/www.isigny-ste-mere.com\/wp-content\/uploads\/2023\/06\/isigny-ste-mere-SA0073-roule-herbace-colin-folquier-267x200.jpg 267w, https:\/\/www.isigny-ste-mere.com\/wp-content\/uploads\/2023\/06\/isigny-ste-mere-SA0073-roule-herbace-colin-folquier-400x300.jpg 400w, https:\/\/www.isigny-ste-mere.com\/wp-content\/uploads\/2023\/06\/isigny-ste-mere-SA0073-roule-herbace-colin-folquier-200x150.jpg 200w, https:\/\/www.isigny-ste-mere.com\/wp-content\/uploads\/2023\/06\/isigny-ste-mere-SA0073-roule-herbace-colin-folquier.jpg 1601w\" sizes=\"auto, (max-width: 1024px) 100vw, 1024px\" \/><\/figure>\n<\/div>\n<\/div>\n\n\n\n<h2 class=\"wp-block-heading\"><strong>Available formats and packs:<\/strong><\/h2>\n\n\n\n<ul class=\"wp-block-list\">\n<li>35 or 40% fat PDO Cream<\/li>\n\n\n\n<li>In 1 litre pots<\/li>\n\n\n\n<li>In 2, 3 or 5 litre buckets<\/li>\n\n\n\n<li>In 3 kg bowls<\/li>\n<\/ul>\n\n\n\n<div class=\"wp-block-buttons is-layout-flex wp-block-buttons-is-layout-flex\">\n<div class=\"wp-block-button\"><a class=\"wp-block-button__link wp-element-button\" href=\"https:\/\/www.isigny-ste-mere.com\/en\/produits_tax\/our-creams\/\">To find out more<\/a><\/div>\n<\/div>\n\n\n    <div  class=\"alignwide push-zone\">\n         \n            <a class=\"container-push-zone button-hover\" href=\"https:\/\/www.isigny-ste-mere.com\/le-livre-de-la-creme\/\" title=\"Discover\" target=\"\">\n                        <div class=\"container-push-zone__img\">\n                    <img decoding=\"async\" src=\"https:\/\/www.isigny-ste-mere.com\/wp-content\/uploads\/2023\/06\/isigny-ste-mere-livre-blanc-creme.jpeg\" alt=\"\" loading=\"lazy\">\n                <\/div>\n                <div class=\"push-zone__informations\">\n                    <div class=\"container-push-zone__informations\">\n                        <div class=\"container-push-zone-informations__title\"><span>Read our publication on Cream<\/span><\/div>\n                        \n    <div class=\"buttons-variation\">\n        <div class=\"buttons-variation__container\">\n            <div class=\"buttons-variation-container__container\">\n                <div class=\"buttons-variation-container__container-arrow\">\n                    <img decoding=\"async\" class=\"buttons-variation-container__container-arrow-img\" src=\"https:\/\/www.isigny-ste-mere.com\/wp-content\/themes\/isigny-theme-h5\/dist\/images\/stems\/arrows-chevrons\/arrow-blue-isigny.svg\" alt=\"Fl\u00e8che repr\u00e9sentant un lien vers une autre page\">\n                    <img decoding=\"async\" class=\"buttons-variation-container__container-arrow-img\" src=\"https:\/\/www.isigny-ste-mere.com\/wp-content\/themes\/isigny-theme-h5\/dist\/images\/stems\/arrows-chevrons\/arrow-blue-isigny.svg\" alt=\"Fl\u00e8che repr\u00e9sentant un lien vers une autre page\">\n                <\/div>\n                <div class=\"buttons-variation-container__circle\" style=\"border-color: #a2863f\"><\/div>\n            <\/div>\n                        <span class=\"buttons-variation-container__content-text ml\">\n                <span class=\"text\" style=\"color: #1458a2\">\n                    Discover                <\/span>\n            <\/span>\n                    <\/div>\n    <\/div>\n                        <\/div>\n                <\/div>\n         \n            <\/a>\n            <\/div>\n","protected":false},"excerpt":{"rendered":"<p>Our Isigny Cream was awarded the Protected Designation of Origin label in 1986, a guarantee [&hellip;]<\/p>\n","protected":false},"author":2,"featured_media":5504,"parent":5587,"menu_order":10,"comment_status":"closed","ping_status":"closed","template":"","meta":{"_acf_changed":false,"footnotes":""},"class_list":["post-5614","page","type-page","status-publish","has-post-thumbnail","hentry"],"acf":[],"yoast_head":"<!-- This site is optimized with the Yoast SEO Premium plugin v25.3.1 (Yoast SEO v26.5) - https:\/\/yoast.com\/wordpress\/plugins\/seo\/ -->\n<title>PDO Isigny Cream<\/title>\n<meta name=\"description\" content=\"Our Isigny Cream was awarded the Protected Designation of Origin label in 1986. It is one of the few French creams to have been granted a PDO!\" \/>\n<meta name=\"robots\" content=\"index, follow, max-snippet:-1, max-image-preview:large, max-video-preview:-1\" \/>\n<link rel=\"canonical\" href=\"https:\/\/www.isigny-ste-mere.com\/en\/chefs-and-bakers\/creme-disigny-a-o-p\/\" \/>\n<meta property=\"og:locale\" content=\"en_US\" \/>\n<meta property=\"og:type\" content=\"article\" \/>\n<meta property=\"og:title\" content=\"PDO ISIGNY CREAM\" \/>\n<meta property=\"og:description\" content=\"Our Isigny Cream was awarded the Protected Designation of Origin label in 1986. It is one of the few French creams to have been granted a PDO!\" \/>\n<meta property=\"og:url\" content=\"https:\/\/www.isigny-ste-mere.com\/en\/chefs-and-bakers\/creme-disigny-a-o-p\/\" \/>\n<meta property=\"og:site_name\" content=\"Isigny Sainte-M\u00e8re\" \/>\n<meta property=\"article:publisher\" content=\"https:\/\/www.facebook.com\/Cooperative.Isigny.Ste.Mere\" \/>\n<meta property=\"article:modified_time\" content=\"2025-07-31T14:45:47+00:00\" \/>\n<meta property=\"og:image\" content=\"https:\/\/www.isigny-ste-mere.com\/wp-content\/uploads\/2023\/06\/isigny-ste-mere-SA0115-verrines-kiwi-saumon.jpg\" \/>\n\t<meta property=\"og:image:width\" content=\"1200\" \/>\n\t<meta property=\"og:image:height\" content=\"900\" \/>\n\t<meta property=\"og:image:type\" content=\"image\/jpeg\" \/>\n<script type=\"application\/ld+json\" class=\"yoast-schema-graph\">{\"@context\":\"https:\/\/schema.org\",\"@graph\":[{\"@type\":\"WebPage\",\"@id\":\"https:\/\/www.isigny-ste-mere.com\/en\/chefs-and-bakers\/creme-disigny-a-o-p\/\",\"url\":\"https:\/\/www.isigny-ste-mere.com\/en\/chefs-and-bakers\/creme-disigny-a-o-p\/\",\"name\":\"PDO Isigny Cream\",\"isPartOf\":{\"@id\":\"https:\/\/www.isigny-ste-mere.com\/en\/#website\"},\"primaryImageOfPage\":{\"@id\":\"https:\/\/www.isigny-ste-mere.com\/en\/chefs-and-bakers\/creme-disigny-a-o-p\/#primaryimage\"},\"image\":{\"@id\":\"https:\/\/www.isigny-ste-mere.com\/en\/chefs-and-bakers\/creme-disigny-a-o-p\/#primaryimage\"},\"thumbnailUrl\":\"https:\/\/www.isigny-ste-mere.com\/wp-content\/uploads\/2023\/06\/isigny-ste-mere-SA0115-verrines-kiwi-saumon.jpg\",\"datePublished\":\"2023-06-21T11:08:26+00:00\",\"dateModified\":\"2025-07-31T14:45:47+00:00\",\"description\":\"Our Isigny Cream was awarded the Protected Designation of Origin label in 1986. It is one of the few French creams to have been granted a PDO!\",\"breadcrumb\":{\"@id\":\"https:\/\/www.isigny-ste-mere.com\/en\/chefs-and-bakers\/creme-disigny-a-o-p\/#breadcrumb\"},\"inLanguage\":\"en-US\",\"potentialAction\":[{\"@type\":\"ReadAction\",\"target\":[\"https:\/\/www.isigny-ste-mere.com\/en\/chefs-and-bakers\/creme-disigny-a-o-p\/\"]}]},{\"@type\":\"ImageObject\",\"inLanguage\":\"en-US\",\"@id\":\"https:\/\/www.isigny-ste-mere.com\/en\/chefs-and-bakers\/creme-disigny-a-o-p\/#primaryimage\",\"url\":\"https:\/\/www.isigny-ste-mere.com\/wp-content\/uploads\/2023\/06\/isigny-ste-mere-SA0115-verrines-kiwi-saumon.jpg\",\"contentUrl\":\"https:\/\/www.isigny-ste-mere.com\/wp-content\/uploads\/2023\/06\/isigny-ste-mere-SA0115-verrines-kiwi-saumon.jpg\",\"width\":1200,\"height\":900,\"caption\":\"Verrine kiwi saumon et cr\u00e8me d'Isigny\"},{\"@type\":\"BreadcrumbList\",\"@id\":\"https:\/\/www.isigny-ste-mere.com\/en\/chefs-and-bakers\/creme-disigny-a-o-p\/#breadcrumb\",\"itemListElement\":[{\"@type\":\"ListItem\",\"position\":1,\"name\":\"Chefs and bakers\",\"item\":\"https:\/\/www.isigny-ste-mere.com\/en\/chefs-and-bakers\/\"},{\"@type\":\"ListItem\",\"position\":2,\"name\":\"PDO ISIGNY CREAM\"}]},{\"@type\":\"WebSite\",\"@id\":\"https:\/\/www.isigny-ste-mere.com\/en\/#website\",\"url\":\"https:\/\/www.isigny-ste-mere.com\/en\/\",\"name\":\"Coop\u00e9rative Isigny-Sainte-M\u00e8re\",\"description\":\"Bienvenue sur le site de la coop\u00e9rative Isigny-Sainte-M\u00e8re\",\"publisher\":{\"@id\":\"https:\/\/www.isigny-ste-mere.com\/en\/#organization\"},\"alternateName\":\"Isigny-Sainte-M\u00e8re\",\"potentialAction\":[{\"@type\":\"SearchAction\",\"target\":{\"@type\":\"EntryPoint\",\"urlTemplate\":\"https:\/\/www.isigny-ste-mere.com\/en\/?s={search_term_string}\"},\"query-input\":{\"@type\":\"PropertyValueSpecification\",\"valueRequired\":true,\"valueName\":\"search_term_string\"}}],\"inLanguage\":\"en-US\"},{\"@type\":\"Organization\",\"@id\":\"https:\/\/www.isigny-ste-mere.com\/en\/#organization\",\"name\":\"Isigny Sainte-M\u00e8re\",\"alternateName\":\"Isigny-Sainte-M\u00e8re\",\"url\":\"https:\/\/www.isigny-ste-mere.com\/en\/\",\"logo\":{\"@type\":\"ImageObject\",\"inLanguage\":\"en-US\",\"@id\":\"https:\/\/www.isigny-ste-mere.com\/en\/#\/schema\/logo\/image\/\",\"url\":\"https:\/\/www.isigny-ste-mere.com\/wp-content\/uploads\/2023\/01\/logo-isigny.svg\",\"contentUrl\":\"https:\/\/www.isigny-ste-mere.com\/wp-content\/uploads\/2023\/01\/logo-isigny.svg\",\"width\":254,\"height\":139,\"caption\":\"Isigny Sainte-M\u00e8re\"},\"image\":{\"@id\":\"https:\/\/www.isigny-ste-mere.com\/en\/#\/schema\/logo\/image\/\"},\"sameAs\":[\"https:\/\/www.facebook.com\/Cooperative.Isigny.Ste.Mere\",\"https:\/\/x.com\/isignystemere\",\"https:\/\/www.instagram.com\/isignystemere\/\",\"https:\/\/www.youtube.com\/user\/IsignySainteMere\"]}]}<\/script>\n<!-- \/ Yoast SEO Premium plugin. -->","yoast_head_json":{"title":"PDO Isigny Cream","description":"Our Isigny Cream was awarded the Protected Designation of Origin label in 1986. It is one of the few French creams to have been granted a PDO!","robots":{"index":"index","follow":"follow","max-snippet":"max-snippet:-1","max-image-preview":"max-image-preview:large","max-video-preview":"max-video-preview:-1"},"canonical":"https:\/\/www.isigny-ste-mere.com\/en\/chefs-and-bakers\/creme-disigny-a-o-p\/","og_locale":"en_US","og_type":"article","og_title":"PDO ISIGNY CREAM","og_description":"Our Isigny Cream was awarded the Protected Designation of Origin label in 1986. It is one of the few French creams to have been granted a PDO!","og_url":"https:\/\/www.isigny-ste-mere.com\/en\/chefs-and-bakers\/creme-disigny-a-o-p\/","og_site_name":"Isigny Sainte-M\u00e8re","article_publisher":"https:\/\/www.facebook.com\/Cooperative.Isigny.Ste.Mere","article_modified_time":"2025-07-31T14:45:47+00:00","og_image":[{"width":1200,"height":900,"url":"https:\/\/www.isigny-ste-mere.com\/wp-content\/uploads\/2023\/06\/isigny-ste-mere-SA0115-verrines-kiwi-saumon.jpg","type":"image\/jpeg"}],"schema":{"@context":"https:\/\/schema.org","@graph":[{"@type":"WebPage","@id":"https:\/\/www.isigny-ste-mere.com\/en\/chefs-and-bakers\/creme-disigny-a-o-p\/","url":"https:\/\/www.isigny-ste-mere.com\/en\/chefs-and-bakers\/creme-disigny-a-o-p\/","name":"PDO Isigny Cream","isPartOf":{"@id":"https:\/\/www.isigny-ste-mere.com\/en\/#website"},"primaryImageOfPage":{"@id":"https:\/\/www.isigny-ste-mere.com\/en\/chefs-and-bakers\/creme-disigny-a-o-p\/#primaryimage"},"image":{"@id":"https:\/\/www.isigny-ste-mere.com\/en\/chefs-and-bakers\/creme-disigny-a-o-p\/#primaryimage"},"thumbnailUrl":"https:\/\/www.isigny-ste-mere.com\/wp-content\/uploads\/2023\/06\/isigny-ste-mere-SA0115-verrines-kiwi-saumon.jpg","datePublished":"2023-06-21T11:08:26+00:00","dateModified":"2025-07-31T14:45:47+00:00","description":"Our Isigny Cream was awarded the Protected Designation of Origin label in 1986. It is one of the few French creams to have been granted a PDO!","breadcrumb":{"@id":"https:\/\/www.isigny-ste-mere.com\/en\/chefs-and-bakers\/creme-disigny-a-o-p\/#breadcrumb"},"inLanguage":"en-US","potentialAction":[{"@type":"ReadAction","target":["https:\/\/www.isigny-ste-mere.com\/en\/chefs-and-bakers\/creme-disigny-a-o-p\/"]}]},{"@type":"ImageObject","inLanguage":"en-US","@id":"https:\/\/www.isigny-ste-mere.com\/en\/chefs-and-bakers\/creme-disigny-a-o-p\/#primaryimage","url":"https:\/\/www.isigny-ste-mere.com\/wp-content\/uploads\/2023\/06\/isigny-ste-mere-SA0115-verrines-kiwi-saumon.jpg","contentUrl":"https:\/\/www.isigny-ste-mere.com\/wp-content\/uploads\/2023\/06\/isigny-ste-mere-SA0115-verrines-kiwi-saumon.jpg","width":1200,"height":900,"caption":"Verrine kiwi saumon et cr\u00e8me d'Isigny"},{"@type":"BreadcrumbList","@id":"https:\/\/www.isigny-ste-mere.com\/en\/chefs-and-bakers\/creme-disigny-a-o-p\/#breadcrumb","itemListElement":[{"@type":"ListItem","position":1,"name":"Chefs and bakers","item":"https:\/\/www.isigny-ste-mere.com\/en\/chefs-and-bakers\/"},{"@type":"ListItem","position":2,"name":"PDO ISIGNY CREAM"}]},{"@type":"WebSite","@id":"https:\/\/www.isigny-ste-mere.com\/en\/#website","url":"https:\/\/www.isigny-ste-mere.com\/en\/","name":"Coop\u00e9rative Isigny-Sainte-M\u00e8re","description":"Bienvenue sur le site de la coop\u00e9rative Isigny-Sainte-M\u00e8re","publisher":{"@id":"https:\/\/www.isigny-ste-mere.com\/en\/#organization"},"alternateName":"Isigny-Sainte-M\u00e8re","potentialAction":[{"@type":"SearchAction","target":{"@type":"EntryPoint","urlTemplate":"https:\/\/www.isigny-ste-mere.com\/en\/?s={search_term_string}"},"query-input":{"@type":"PropertyValueSpecification","valueRequired":true,"valueName":"search_term_string"}}],"inLanguage":"en-US"},{"@type":"Organization","@id":"https:\/\/www.isigny-ste-mere.com\/en\/#organization","name":"Isigny Sainte-M\u00e8re","alternateName":"Isigny-Sainte-M\u00e8re","url":"https:\/\/www.isigny-ste-mere.com\/en\/","logo":{"@type":"ImageObject","inLanguage":"en-US","@id":"https:\/\/www.isigny-ste-mere.com\/en\/#\/schema\/logo\/image\/","url":"https:\/\/www.isigny-ste-mere.com\/wp-content\/uploads\/2023\/01\/logo-isigny.svg","contentUrl":"https:\/\/www.isigny-ste-mere.com\/wp-content\/uploads\/2023\/01\/logo-isigny.svg","width":254,"height":139,"caption":"Isigny Sainte-M\u00e8re"},"image":{"@id":"https:\/\/www.isigny-ste-mere.com\/en\/#\/schema\/logo\/image\/"},"sameAs":["https:\/\/www.facebook.com\/Cooperative.Isigny.Ste.Mere","https:\/\/x.com\/isignystemere","https:\/\/www.instagram.com\/isignystemere\/","https:\/\/www.youtube.com\/user\/IsignySainteMere"]}]}},"_links":{"self":[{"href":"https:\/\/www.isigny-ste-mere.com\/en\/wp-json\/wp\/v2\/pages\/5614","targetHints":{"allow":["GET"]}}],"collection":[{"href":"https:\/\/www.isigny-ste-mere.com\/en\/wp-json\/wp\/v2\/pages"}],"about":[{"href":"https:\/\/www.isigny-ste-mere.com\/en\/wp-json\/wp\/v2\/types\/page"}],"author":[{"embeddable":true,"href":"https:\/\/www.isigny-ste-mere.com\/en\/wp-json\/wp\/v2\/users\/2"}],"replies":[{"embeddable":true,"href":"https:\/\/www.isigny-ste-mere.com\/en\/wp-json\/wp\/v2\/comments?post=5614"}],"version-history":[{"count":10,"href":"https:\/\/www.isigny-ste-mere.com\/en\/wp-json\/wp\/v2\/pages\/5614\/revisions"}],"predecessor-version":[{"id":11865,"href":"https:\/\/www.isigny-ste-mere.com\/en\/wp-json\/wp\/v2\/pages\/5614\/revisions\/11865"}],"up":[{"embeddable":true,"href":"https:\/\/www.isigny-ste-mere.com\/en\/wp-json\/wp\/v2\/pages\/5587"}],"wp:featuredmedia":[{"embeddable":true,"href":"https:\/\/www.isigny-ste-mere.com\/en\/wp-json\/wp\/v2\/media\/5504"}],"wp:attachment":[{"href":"https:\/\/www.isigny-ste-mere.com\/en\/wp-json\/wp\/v2\/media?parent=5614"}],"curies":[{"name":"wp","href":"https:\/\/api.w.org\/{rel}","templated":true}]}}