{"id":5637,"date":"2023-06-21T13:12:25","date_gmt":"2023-06-21T11:12:25","guid":{"rendered":"https:\/\/www.isigny-ste-mere.com\/professionnels\/fromages-frais-natures-et-aromatises\/"},"modified":"2026-03-17T16:41:26","modified_gmt":"2026-03-17T15:41:26","slug":"fromages-frais-natures-et-aromatises","status":"publish","type":"page","link":"https:\/\/www.isigny-ste-mere.com\/en\/chefs-and-bakers\/fromages-frais-natures-et-aromatises\/","title":{"rendered":"FROMAGE FRAIS"},"content":{"rendered":"\n<p class=\"is-style-introduction\">The flavours of our Fromage Frais come from the Isigny terroir, in the heart of Normandy.<\/p>\n\n\n\n<div class=\"wp-block-columns alignwide is-layout-flex wp-container-core-columns-is-layout-9d6595d7 wp-block-columns-is-layout-flex\">\n<div class=\"wp-block-column is-layout-flow wp-block-column-is-layout-flow\">\n<figure class=\"wp-block-image size-large\"><img loading=\"lazy\" decoding=\"async\" width=\"1024\" height=\"683\" src=\"https:\/\/www.isigny-ste-mere.com\/wp-content\/uploads\/2023\/02\/fromage-frais-citron-2-1024x683.jpg\" alt=\"Bol de dfromage Frais citron et citron vert Isigny Sainte-M\u00e8re sur une table\" class=\"wp-image-12391\" srcset=\"https:\/\/www.isigny-ste-mere.com\/wp-content\/uploads\/2023\/02\/fromage-frais-citron-2-1024x683.jpg 1024w, https:\/\/www.isigny-ste-mere.com\/wp-content\/uploads\/2023\/02\/fromage-frais-citron-2-300x200.jpg 300w, https:\/\/www.isigny-ste-mere.com\/wp-content\/uploads\/2023\/02\/fromage-frais-citron-2-768x512.jpg 768w, https:\/\/www.isigny-ste-mere.com\/wp-content\/uploads\/2023\/02\/fromage-frais-citron-2-1536x1024.jpg 1536w, https:\/\/www.isigny-ste-mere.com\/wp-content\/uploads\/2023\/02\/fromage-frais-citron-2-2048x1365.jpg 2048w, https:\/\/www.isigny-ste-mere.com\/wp-content\/uploads\/2023\/02\/fromage-frais-citron-2-1200x800.jpg 1200w, https:\/\/www.isigny-ste-mere.com\/wp-content\/uploads\/2023\/02\/fromage-frais-citron-2-400x267.jpg 400w, https:\/\/www.isigny-ste-mere.com\/wp-content\/uploads\/2023\/02\/fromage-frais-citron-2-200x133.jpg 200w, https:\/\/www.isigny-ste-mere.com\/wp-content\/uploads\/2023\/02\/fromage-frais-citron-2-600x400.jpg 600w, https:\/\/www.isigny-ste-mere.com\/wp-content\/uploads\/2023\/02\/fromage-frais-citron-2-scaled.jpg 1900w\" sizes=\"auto, (max-width: 1024px) 100vw, 1024px\" \/><\/figure>\n<\/div>\n\n\n\n<div class=\"wp-block-column is-layout-flow wp-block-column-is-layout-flow\">\n<p>The two ingredients you will find in our Fromage Frais are milk and time\u2026<\/p>\n\n\n\n<p>They pay homage to the recipes of years gone by and can be enjoyed for breakfast, dessert or as a snack.<\/p>\n\n\n\n<p>Plain and flavoured Fromage Frais can be used in a wide range of recipes and circumstances, hot or cold, sweet or savoury.<\/p>\n<\/div>\n<\/div>\n\n\n\n<div class=\"wp-block-columns alignwide is-layout-flex wp-container-core-columns-is-layout-9d6595d7 wp-block-columns-is-layout-flex\">\n<div class=\"wp-block-column is-layout-flow wp-block-column-is-layout-flow\">\n<p>Our Fromage Frais is renowned for its quality, as well as its glossy, creamy texture. It contains no preservatives, additives or artificial colouring.<\/p>\n\n\n\n<p>Our selection of flavoured Fromage Frais is made with real fruit (stewed or with selected jams) or Madagascan Vanilla.<\/p>\n<\/div>\n\n\n\n<div class=\"wp-block-column is-layout-flow wp-block-column-is-layout-flow\">\n<figure class=\"wp-block-image size-large\"><img loading=\"lazy\" decoding=\"async\" width=\"1024\" height=\"683\" src=\"https:\/\/www.isigny-ste-mere.com\/wp-content\/uploads\/2026\/03\/isignyxivan-81-1024x683.jpg\" alt=\"Buffet petit d\u00e9jeuner \u00e0 l'h\u00f4tel avec bols de Fromages frais Isigny Saitnte-M\u00e8re et toppings\" class=\"wp-image-12405\" srcset=\"https:\/\/www.isigny-ste-mere.com\/wp-content\/uploads\/2026\/03\/isignyxivan-81-1024x683.jpg 1024w, https:\/\/www.isigny-ste-mere.com\/wp-content\/uploads\/2026\/03\/isignyxivan-81-300x200.jpg 300w, https:\/\/www.isigny-ste-mere.com\/wp-content\/uploads\/2026\/03\/isignyxivan-81-768x512.jpg 768w, https:\/\/www.isigny-ste-mere.com\/wp-content\/uploads\/2026\/03\/isignyxivan-81-1536x1024.jpg 1536w, https:\/\/www.isigny-ste-mere.com\/wp-content\/uploads\/2026\/03\/isignyxivan-81-2048x1365.jpg 2048w, https:\/\/www.isigny-ste-mere.com\/wp-content\/uploads\/2026\/03\/isignyxivan-81-1200x800.jpg 1200w, https:\/\/www.isigny-ste-mere.com\/wp-content\/uploads\/2026\/03\/isignyxivan-81-400x267.jpg 400w, https:\/\/www.isigny-ste-mere.com\/wp-content\/uploads\/2026\/03\/isignyxivan-81-200x133.jpg 200w, https:\/\/www.isigny-ste-mere.com\/wp-content\/uploads\/2026\/03\/isignyxivan-81-600x400.jpg 600w, https:\/\/www.isigny-ste-mere.com\/wp-content\/uploads\/2026\/03\/isignyxivan-81-scaled.jpg 1900w\" sizes=\"auto, (max-width: 1024px) 100vw, 1024px\" \/><\/figure>\n<\/div>\n<\/div>\n\n\n\n<h2 class=\"wp-block-heading\" id=\"h-our-fromage-frais-will-take-your-culinary-dishes-and-recipes-to-another-level\"><strong>Our Fromage Frais will take your culinary dishes and recipes to another level.<\/strong><\/h2>\n\n\n\n<ul class=\"wp-block-list\">\n<li>For restaurant owners, Fromage frais can be used to create desserts at a moment\u2019s notice. They are easy to use, ready to serve and can form a base for creating desserts (speculoos biscuit mousse, etc.).<\/li>\n\n\n\n<li>Plain Fromage Frais can be added to your recipes (e.g. quiches, cakes)<\/li>\n\n\n\n<li>Our Fromage Frais has a lasting taste, is not acidic and is easy to spread.<\/li>\n\n\n\n<li>For dairies\/cheesemongers, our Isigny Fromage Frais keeps very well in the fridge and is easy to use and easy to serve with fruit jam or coulis to generate additional sales.<\/li>\n\n\n\n<li>Hoteliers can serve it at breakfast, without the need for preparation, alongside fruits, seeds, cereals, jam, etc.<\/li>\n<\/ul>\n\n\n\n<div class=\"wp-block-columns alignwide is-layout-flex wp-container-core-columns-is-layout-9d6595d7 wp-block-columns-is-layout-flex\">\n<div class=\"wp-block-column is-layout-flow wp-block-column-is-layout-flow\">\n<figure class=\"wp-block-image size-large\"><img loading=\"lazy\" decoding=\"async\" width=\"1024\" height=\"683\" src=\"https:\/\/www.isigny-ste-mere.com\/wp-content\/uploads\/2023\/06\/isigny-ste-mere-fromages-frais-007-1024x683.jpg\" alt=\"\" class=\"wp-image-3995\" srcset=\"https:\/\/www.isigny-ste-mere.com\/wp-content\/uploads\/2023\/06\/isigny-ste-mere-fromages-frais-007-1024x683.jpg 1024w, https:\/\/www.isigny-ste-mere.com\/wp-content\/uploads\/2023\/06\/isigny-ste-mere-fromages-frais-007-300x200.jpg 300w, https:\/\/www.isigny-ste-mere.com\/wp-content\/uploads\/2023\/06\/isigny-ste-mere-fromages-frais-007-768x512.jpg 768w, https:\/\/www.isigny-ste-mere.com\/wp-content\/uploads\/2023\/06\/isigny-ste-mere-fromages-frais-007-1536x1024.jpg 1536w, https:\/\/www.isigny-ste-mere.com\/wp-content\/uploads\/2023\/06\/isigny-ste-mere-fromages-frais-007-1200x800.jpg 1200w, https:\/\/www.isigny-ste-mere.com\/wp-content\/uploads\/2023\/06\/isigny-ste-mere-fromages-frais-007-400x267.jpg 400w, https:\/\/www.isigny-ste-mere.com\/wp-content\/uploads\/2023\/06\/isigny-ste-mere-fromages-frais-007-200x133.jpg 200w, https:\/\/www.isigny-ste-mere.com\/wp-content\/uploads\/2023\/06\/isigny-ste-mere-fromages-frais-007.jpg 1800w\" sizes=\"auto, (max-width: 1024px) 100vw, 1024px\" \/><\/figure>\n<\/div>\n\n\n\n<div class=\"wp-block-column is-layout-flow wp-block-column-is-layout-flow\">\n<h2 class=\"wp-block-heading\" id=\"h-our-fromage-frais-is-available-in-a-wide-variety-of-formats-for-professionals\"><strong>Our Fromage Frais is available in a wide variety of formats for professionals:<\/strong><\/h2>\n\n\n\n<p>It is packaged in buckets for easy storage.<\/p>\n\n\n\n<p>For dairies\/cheesemongers, we offer the option of a traditional bowl to create an authentic shelf display (empty 50 cl pots are supplied with the bowl).<\/p>\n<\/div>\n<\/div>\n\n\n\n<div class=\"wp-block-columns alignwide is-layout-flex wp-container-core-columns-is-layout-9d6595d7 wp-block-columns-is-layout-flex\">\n<div class=\"wp-block-column is-layout-flow wp-block-column-is-layout-flow\">\n<h2 class=\"wp-block-heading\" id=\"h-our-fromage-frais-can-be-enjoyed-and-used-in-a-number-of-different-ways\"><strong>Our Fromage Frais can be enjoyed and used in a number of different ways:<\/strong><\/h2>\n\n\n\n<p>Plain, it can be used to make low-fat quiches and dipping sauces.<\/p>\n\n\n\n<p>Flavoured, it is ideal for making cakes, quick desserts, creamy mousses topped with Isigny Caramel, or even to enhance gourmet coffees\u2026<\/p>\n<\/div>\n\n\n\n<div class=\"wp-block-column is-layout-flow wp-block-column-is-layout-flow\">\n<figure class=\"wp-block-image size-large\"><img loading=\"lazy\" decoding=\"async\" width=\"1024\" height=\"683\" src=\"https:\/\/www.isigny-ste-mere.com\/wp-content\/uploads\/2023\/06\/isigny-ste-mere-fromages-frais-009-1024x683.jpg\" alt=\"\" class=\"wp-image-3999\" srcset=\"https:\/\/www.isigny-ste-mere.com\/wp-content\/uploads\/2023\/06\/isigny-ste-mere-fromages-frais-009-1024x683.jpg 1024w, https:\/\/www.isigny-ste-mere.com\/wp-content\/uploads\/2023\/06\/isigny-ste-mere-fromages-frais-009-300x200.jpg 300w, https:\/\/www.isigny-ste-mere.com\/wp-content\/uploads\/2023\/06\/isigny-ste-mere-fromages-frais-009-768x512.jpg 768w, https:\/\/www.isigny-ste-mere.com\/wp-content\/uploads\/2023\/06\/isigny-ste-mere-fromages-frais-009-1536x1024.jpg 1536w, https:\/\/www.isigny-ste-mere.com\/wp-content\/uploads\/2023\/06\/isigny-ste-mere-fromages-frais-009-1200x800.jpg 1200w, https:\/\/www.isigny-ste-mere.com\/wp-content\/uploads\/2023\/06\/isigny-ste-mere-fromages-frais-009-400x267.jpg 400w, https:\/\/www.isigny-ste-mere.com\/wp-content\/uploads\/2023\/06\/isigny-ste-mere-fromages-frais-009-200x133.jpg 200w, https:\/\/www.isigny-ste-mere.com\/wp-content\/uploads\/2023\/06\/isigny-ste-mere-fromages-frais-009.jpg 1800w\" sizes=\"auto, (max-width: 1024px) 100vw, 1024px\" \/><\/figure>\n<\/div>\n<\/div>\n\n\n\n<div class=\"wp-block-columns alignwide is-layout-flex wp-container-core-columns-is-layout-9d6595d7 wp-block-columns-is-layout-flex\">\n<div class=\"wp-block-column is-layout-flow wp-block-column-is-layout-flow\">\n<figure class=\"wp-block-image size-large\"><img loading=\"lazy\" decoding=\"async\" width=\"1024\" height=\"683\" src=\"https:\/\/www.isigny-ste-mere.com\/wp-content\/uploads\/2025\/07\/@mathilde_besly-2-1024x683.jpg\" alt=\"Bols de fromages frais Isigny Sainte-M\u00e8re sur une table\" class=\"wp-image-11872\" srcset=\"https:\/\/www.isigny-ste-mere.com\/wp-content\/uploads\/2025\/07\/@mathilde_besly-2-1024x683.jpg 1024w, https:\/\/www.isigny-ste-mere.com\/wp-content\/uploads\/2025\/07\/@mathilde_besly-2-300x200.jpg 300w, https:\/\/www.isigny-ste-mere.com\/wp-content\/uploads\/2025\/07\/@mathilde_besly-2-768x512.jpg 768w, https:\/\/www.isigny-ste-mere.com\/wp-content\/uploads\/2025\/07\/@mathilde_besly-2-1536x1024.jpg 1536w, https:\/\/www.isigny-ste-mere.com\/wp-content\/uploads\/2025\/07\/@mathilde_besly-2-2048x1365.jpg 2048w, https:\/\/www.isigny-ste-mere.com\/wp-content\/uploads\/2025\/07\/@mathilde_besly-2-1200x800.jpg 1200w, https:\/\/www.isigny-ste-mere.com\/wp-content\/uploads\/2025\/07\/@mathilde_besly-2-400x267.jpg 400w, https:\/\/www.isigny-ste-mere.com\/wp-content\/uploads\/2025\/07\/@mathilde_besly-2-200x133.jpg 200w, https:\/\/www.isigny-ste-mere.com\/wp-content\/uploads\/2025\/07\/@mathilde_besly-2-600x400.jpg 600w, https:\/\/www.isigny-ste-mere.com\/wp-content\/uploads\/2025\/07\/@mathilde_besly-2-scaled.jpg 1900w\" sizes=\"auto, (max-width: 1024px) 100vw, 1024px\" \/><\/figure>\n<\/div>\n\n\n\n<div class=\"wp-block-column is-layout-flow wp-block-column-is-layout-flow\">\n<h2 class=\"wp-block-heading\" id=\"h-available-formats-and-packs\"><strong>Available formats and packs:<\/strong><\/h2>\n\n\n\n<ul class=\"wp-block-list\">\n<li>Plain (creamy (0, 4 or 8% fat)) or with fruit (strawberry, raspberry, vanilla, lemon and lime)<\/li>\n\n\n\n<li>In 1 kg pots<\/li>\n\n\n\n<li>In 3 kg buckets or bowls<\/li>\n\n\n\n<li>In 5 or 10 kg buckets for plain Fromage frais<\/li>\n<\/ul>\n\n\n\n<div class=\"wp-block-buttons is-layout-flex wp-block-buttons-is-layout-flex\">\n<div class=\"wp-block-button\"><a class=\"wp-block-button__link wp-element-button\" href=\"https:\/\/www.isigny-ste-mere.com\/en\/products\/our-fromages-frais\/fromage-frais-2\/\">Find out more<\/a><\/div>\n<\/div>\n<\/div>\n<\/div>\n","protected":false},"excerpt":{"rendered":"<p>The flavours of our Fromage Frais come from the Isigny terroir, in the heart of [&hellip;]<\/p>\n","protected":false},"author":2,"featured_media":5668,"parent":5587,"menu_order":40,"comment_status":"closed","ping_status":"closed","template":"","meta":{"_acf_changed":false,"footnotes":""},"class_list":["post-5637","page","type-page","status-publish","has-post-thumbnail","hentry"],"acf":[],"yoast_head":"<!-- This site is optimized with the Yoast SEO Premium plugin v25.3.1 (Yoast SEO v26.5) - https:\/\/yoast.com\/wordpress\/plugins\/seo\/ -->\n<title>Fromage Frais - Isigny Sainte-M\u00e8re<\/title>\n<meta name=\"description\" content=\"The flavours of our Fromage Frais come from the Isigny terroir, in the heart of Normandy. Discover our Fromage Frais !\" \/>\n<meta name=\"robots\" content=\"index, follow, max-snippet:-1, max-image-preview:large, max-video-preview:-1\" \/>\n<link rel=\"canonical\" href=\"https:\/\/www.isigny-ste-mere.com\/en\/chefs-and-bakers\/fromages-frais-natures-et-aromatises\/\" \/>\n<meta property=\"og:locale\" content=\"en_US\" \/>\n<meta property=\"og:type\" content=\"article\" \/>\n<meta property=\"og:title\" content=\"FROMAGE FRAIS\" \/>\n<meta property=\"og:description\" content=\"The flavours of our Fromage Frais come from the Isigny terroir, in the heart of Normandy. Discover our Fromage Frais !\" \/>\n<meta property=\"og:url\" content=\"https:\/\/www.isigny-ste-mere.com\/en\/chefs-and-bakers\/fromages-frais-natures-et-aromatises\/\" \/>\n<meta property=\"og:site_name\" content=\"Isigny Sainte-M\u00e8re\" \/>\n<meta property=\"article:publisher\" content=\"https:\/\/www.facebook.com\/Cooperative.Isigny.Ste.Mere\" \/>\n<meta property=\"article:modified_time\" content=\"2026-03-17T15:41:26+00:00\" \/>\n<meta property=\"og:image\" content=\"https:\/\/www.isigny-ste-mere.com\/wp-content\/uploads\/2023\/06\/isigny-ste-mere-fromages-frais-003-1-scaled.jpg\" \/>\n\t<meta property=\"og:image:width\" content=\"1900\" \/>\n\t<meta property=\"og:image:height\" content=\"1887\" \/>\n\t<meta property=\"og:image:type\" content=\"image\/jpeg\" \/>\n<script type=\"application\/ld+json\" class=\"yoast-schema-graph\">{\"@context\":\"https:\/\/schema.org\",\"@graph\":[{\"@type\":\"WebPage\",\"@id\":\"https:\/\/www.isigny-ste-mere.com\/en\/chefs-and-bakers\/fromages-frais-natures-et-aromatises\/\",\"url\":\"https:\/\/www.isigny-ste-mere.com\/en\/chefs-and-bakers\/fromages-frais-natures-et-aromatises\/\",\"name\":\"Fromage Frais - Isigny Sainte-M\u00e8re\",\"isPartOf\":{\"@id\":\"https:\/\/www.isigny-ste-mere.com\/en\/#website\"},\"primaryImageOfPage\":{\"@id\":\"https:\/\/www.isigny-ste-mere.com\/en\/chefs-and-bakers\/fromages-frais-natures-et-aromatises\/#primaryimage\"},\"image\":{\"@id\":\"https:\/\/www.isigny-ste-mere.com\/en\/chefs-and-bakers\/fromages-frais-natures-et-aromatises\/#primaryimage\"},\"thumbnailUrl\":\"https:\/\/www.isigny-ste-mere.com\/wp-content\/uploads\/2023\/06\/isigny-ste-mere-fromages-frais-003-1-scaled.jpg\",\"datePublished\":\"2023-06-21T11:12:25+00:00\",\"dateModified\":\"2026-03-17T15:41:26+00:00\",\"description\":\"The flavours of our Fromage Frais come from the Isigny terroir, in the heart of Normandy. Discover our Fromage Frais !\",\"breadcrumb\":{\"@id\":\"https:\/\/www.isigny-ste-mere.com\/en\/chefs-and-bakers\/fromages-frais-natures-et-aromatises\/#breadcrumb\"},\"inLanguage\":\"en-US\",\"potentialAction\":[{\"@type\":\"ReadAction\",\"target\":[\"https:\/\/www.isigny-ste-mere.com\/en\/chefs-and-bakers\/fromages-frais-natures-et-aromatises\/\"]}]},{\"@type\":\"ImageObject\",\"inLanguage\":\"en-US\",\"@id\":\"https:\/\/www.isigny-ste-mere.com\/en\/chefs-and-bakers\/fromages-frais-natures-et-aromatises\/#primaryimage\",\"url\":\"https:\/\/www.isigny-ste-mere.com\/wp-content\/uploads\/2023\/06\/isigny-ste-mere-fromages-frais-003-1-scaled.jpg\",\"contentUrl\":\"https:\/\/www.isigny-ste-mere.com\/wp-content\/uploads\/2023\/06\/isigny-ste-mere-fromages-frais-003-1-scaled.jpg\",\"width\":1900,\"height\":1887},{\"@type\":\"BreadcrumbList\",\"@id\":\"https:\/\/www.isigny-ste-mere.com\/en\/chefs-and-bakers\/fromages-frais-natures-et-aromatises\/#breadcrumb\",\"itemListElement\":[{\"@type\":\"ListItem\",\"position\":1,\"name\":\"Chefs and bakers\",\"item\":\"https:\/\/www.isigny-ste-mere.com\/en\/chefs-and-bakers\/\"},{\"@type\":\"ListItem\",\"position\":2,\"name\":\"FROMAGE FRAIS\"}]},{\"@type\":\"WebSite\",\"@id\":\"https:\/\/www.isigny-ste-mere.com\/en\/#website\",\"url\":\"https:\/\/www.isigny-ste-mere.com\/en\/\",\"name\":\"Coop\u00e9rative Isigny-Sainte-M\u00e8re\",\"description\":\"Bienvenue sur le site de la coop\u00e9rative Isigny-Sainte-M\u00e8re\",\"publisher\":{\"@id\":\"https:\/\/www.isigny-ste-mere.com\/en\/#organization\"},\"alternateName\":\"Isigny-Sainte-M\u00e8re\",\"potentialAction\":[{\"@type\":\"SearchAction\",\"target\":{\"@type\":\"EntryPoint\",\"urlTemplate\":\"https:\/\/www.isigny-ste-mere.com\/en\/?s={search_term_string}\"},\"query-input\":{\"@type\":\"PropertyValueSpecification\",\"valueRequired\":true,\"valueName\":\"search_term_string\"}}],\"inLanguage\":\"en-US\"},{\"@type\":\"Organization\",\"@id\":\"https:\/\/www.isigny-ste-mere.com\/en\/#organization\",\"name\":\"Isigny Sainte-M\u00e8re\",\"alternateName\":\"Isigny-Sainte-M\u00e8re\",\"url\":\"https:\/\/www.isigny-ste-mere.com\/en\/\",\"logo\":{\"@type\":\"ImageObject\",\"inLanguage\":\"en-US\",\"@id\":\"https:\/\/www.isigny-ste-mere.com\/en\/#\/schema\/logo\/image\/\",\"url\":\"https:\/\/www.isigny-ste-mere.com\/wp-content\/uploads\/2023\/01\/logo-isigny.svg\",\"contentUrl\":\"https:\/\/www.isigny-ste-mere.com\/wp-content\/uploads\/2023\/01\/logo-isigny.svg\",\"width\":254,\"height\":139,\"caption\":\"Isigny Sainte-M\u00e8re\"},\"image\":{\"@id\":\"https:\/\/www.isigny-ste-mere.com\/en\/#\/schema\/logo\/image\/\"},\"sameAs\":[\"https:\/\/www.facebook.com\/Cooperative.Isigny.Ste.Mere\",\"https:\/\/x.com\/isignystemere\",\"https:\/\/www.instagram.com\/isignystemere\/\",\"https:\/\/www.youtube.com\/user\/IsignySainteMere\"]}]}<\/script>\n<!-- \/ Yoast SEO Premium plugin. -->","yoast_head_json":{"title":"Fromage Frais - Isigny Sainte-M\u00e8re","description":"The flavours of our Fromage Frais come from the Isigny terroir, in the heart of Normandy. Discover our Fromage Frais !","robots":{"index":"index","follow":"follow","max-snippet":"max-snippet:-1","max-image-preview":"max-image-preview:large","max-video-preview":"max-video-preview:-1"},"canonical":"https:\/\/www.isigny-ste-mere.com\/en\/chefs-and-bakers\/fromages-frais-natures-et-aromatises\/","og_locale":"en_US","og_type":"article","og_title":"FROMAGE FRAIS","og_description":"The flavours of our Fromage Frais come from the Isigny terroir, in the heart of Normandy. Discover our Fromage Frais !","og_url":"https:\/\/www.isigny-ste-mere.com\/en\/chefs-and-bakers\/fromages-frais-natures-et-aromatises\/","og_site_name":"Isigny Sainte-M\u00e8re","article_publisher":"https:\/\/www.facebook.com\/Cooperative.Isigny.Ste.Mere","article_modified_time":"2026-03-17T15:41:26+00:00","og_image":[{"width":1900,"height":1887,"url":"https:\/\/www.isigny-ste-mere.com\/wp-content\/uploads\/2023\/06\/isigny-ste-mere-fromages-frais-003-1-scaled.jpg","type":"image\/jpeg"}],"schema":{"@context":"https:\/\/schema.org","@graph":[{"@type":"WebPage","@id":"https:\/\/www.isigny-ste-mere.com\/en\/chefs-and-bakers\/fromages-frais-natures-et-aromatises\/","url":"https:\/\/www.isigny-ste-mere.com\/en\/chefs-and-bakers\/fromages-frais-natures-et-aromatises\/","name":"Fromage Frais - Isigny Sainte-M\u00e8re","isPartOf":{"@id":"https:\/\/www.isigny-ste-mere.com\/en\/#website"},"primaryImageOfPage":{"@id":"https:\/\/www.isigny-ste-mere.com\/en\/chefs-and-bakers\/fromages-frais-natures-et-aromatises\/#primaryimage"},"image":{"@id":"https:\/\/www.isigny-ste-mere.com\/en\/chefs-and-bakers\/fromages-frais-natures-et-aromatises\/#primaryimage"},"thumbnailUrl":"https:\/\/www.isigny-ste-mere.com\/wp-content\/uploads\/2023\/06\/isigny-ste-mere-fromages-frais-003-1-scaled.jpg","datePublished":"2023-06-21T11:12:25+00:00","dateModified":"2026-03-17T15:41:26+00:00","description":"The flavours of our Fromage Frais come from the Isigny terroir, in the heart of Normandy. Discover our Fromage Frais !","breadcrumb":{"@id":"https:\/\/www.isigny-ste-mere.com\/en\/chefs-and-bakers\/fromages-frais-natures-et-aromatises\/#breadcrumb"},"inLanguage":"en-US","potentialAction":[{"@type":"ReadAction","target":["https:\/\/www.isigny-ste-mere.com\/en\/chefs-and-bakers\/fromages-frais-natures-et-aromatises\/"]}]},{"@type":"ImageObject","inLanguage":"en-US","@id":"https:\/\/www.isigny-ste-mere.com\/en\/chefs-and-bakers\/fromages-frais-natures-et-aromatises\/#primaryimage","url":"https:\/\/www.isigny-ste-mere.com\/wp-content\/uploads\/2023\/06\/isigny-ste-mere-fromages-frais-003-1-scaled.jpg","contentUrl":"https:\/\/www.isigny-ste-mere.com\/wp-content\/uploads\/2023\/06\/isigny-ste-mere-fromages-frais-003-1-scaled.jpg","width":1900,"height":1887},{"@type":"BreadcrumbList","@id":"https:\/\/www.isigny-ste-mere.com\/en\/chefs-and-bakers\/fromages-frais-natures-et-aromatises\/#breadcrumb","itemListElement":[{"@type":"ListItem","position":1,"name":"Chefs and bakers","item":"https:\/\/www.isigny-ste-mere.com\/en\/chefs-and-bakers\/"},{"@type":"ListItem","position":2,"name":"FROMAGE FRAIS"}]},{"@type":"WebSite","@id":"https:\/\/www.isigny-ste-mere.com\/en\/#website","url":"https:\/\/www.isigny-ste-mere.com\/en\/","name":"Coop\u00e9rative Isigny-Sainte-M\u00e8re","description":"Bienvenue sur le site de la coop\u00e9rative Isigny-Sainte-M\u00e8re","publisher":{"@id":"https:\/\/www.isigny-ste-mere.com\/en\/#organization"},"alternateName":"Isigny-Sainte-M\u00e8re","potentialAction":[{"@type":"SearchAction","target":{"@type":"EntryPoint","urlTemplate":"https:\/\/www.isigny-ste-mere.com\/en\/?s={search_term_string}"},"query-input":{"@type":"PropertyValueSpecification","valueRequired":true,"valueName":"search_term_string"}}],"inLanguage":"en-US"},{"@type":"Organization","@id":"https:\/\/www.isigny-ste-mere.com\/en\/#organization","name":"Isigny Sainte-M\u00e8re","alternateName":"Isigny-Sainte-M\u00e8re","url":"https:\/\/www.isigny-ste-mere.com\/en\/","logo":{"@type":"ImageObject","inLanguage":"en-US","@id":"https:\/\/www.isigny-ste-mere.com\/en\/#\/schema\/logo\/image\/","url":"https:\/\/www.isigny-ste-mere.com\/wp-content\/uploads\/2023\/01\/logo-isigny.svg","contentUrl":"https:\/\/www.isigny-ste-mere.com\/wp-content\/uploads\/2023\/01\/logo-isigny.svg","width":254,"height":139,"caption":"Isigny Sainte-M\u00e8re"},"image":{"@id":"https:\/\/www.isigny-ste-mere.com\/en\/#\/schema\/logo\/image\/"},"sameAs":["https:\/\/www.facebook.com\/Cooperative.Isigny.Ste.Mere","https:\/\/x.com\/isignystemere","https:\/\/www.instagram.com\/isignystemere\/","https:\/\/www.youtube.com\/user\/IsignySainteMere"]}]}},"_links":{"self":[{"href":"https:\/\/www.isigny-ste-mere.com\/en\/wp-json\/wp\/v2\/pages\/5637","targetHints":{"allow":["GET"]}}],"collection":[{"href":"https:\/\/www.isigny-ste-mere.com\/en\/wp-json\/wp\/v2\/pages"}],"about":[{"href":"https:\/\/www.isigny-ste-mere.com\/en\/wp-json\/wp\/v2\/types\/page"}],"author":[{"embeddable":true,"href":"https:\/\/www.isigny-ste-mere.com\/en\/wp-json\/wp\/v2\/users\/2"}],"replies":[{"embeddable":true,"href":"https:\/\/www.isigny-ste-mere.com\/en\/wp-json\/wp\/v2\/comments?post=5637"}],"version-history":[{"count":6,"href":"https:\/\/www.isigny-ste-mere.com\/en\/wp-json\/wp\/v2\/pages\/5637\/revisions"}],"predecessor-version":[{"id":12407,"href":"https:\/\/www.isigny-ste-mere.com\/en\/wp-json\/wp\/v2\/pages\/5637\/revisions\/12407"}],"up":[{"embeddable":true,"href":"https:\/\/www.isigny-ste-mere.com\/en\/wp-json\/wp\/v2\/pages\/5587"}],"wp:featuredmedia":[{"embeddable":true,"href":"https:\/\/www.isigny-ste-mere.com\/en\/wp-json\/wp\/v2\/media\/5668"}],"wp:attachment":[{"href":"https:\/\/www.isigny-ste-mere.com\/en\/wp-json\/wp\/v2\/media?parent=5637"}],"curies":[{"name":"wp","href":"https:\/\/api.w.org\/{rel}","templated":true}]}}